{"id":894,"date":"2024-12-19T17:11:53","date_gmt":"2024-12-19T16:11:53","guid":{"rendered":"https:\/\/sorys.uwb.pl\/?page_id=894"},"modified":"2024-12-31T12:58:43","modified_gmt":"2024-12-31T11:58:43","slug":"360-2","status":"publish","type":"page","link":"https:\/\/sorys.uwb.pl\/index.php\/360-2\/","title":{"rendered":"360"},"content":{"rendered":"\t\t<div data-elementor-type=\"wp-page\" data-elementor-id=\"894\" class=\"elementor elementor-894\" data-elementor-post-type=\"page\">\n\t\t\t\t\t\t<section class=\"elementor-section elementor-top-section elementor-element elementor-element-6b6d1d0e elementor-section-height-min-height elementor-section-items-stretch elementor-section-boxed elementor-section-height-default\" data-id=\"6b6d1d0e\" data-element_type=\"section\" data-settings=\"{&quot;background_background&quot;:&quot;classic&quot;}\">\n\t\t\t\t\t\t<div class=\"elementor-container elementor-column-gap-default\">\n\t\t\t\t\t<div class=\"elementor-column elementor-col-33 elementor-top-column elementor-element elementor-element-58a9c3d6\" data-id=\"58a9c3d6\" data-element_type=\"column\">\n\t\t\t<div class=\"elementor-widget-wrap elementor-element-populated\">\n\t\t\t\t\t\t<div class=\"elementor-element elementor-element-7628bacf elementor-widget elementor-widget-image\" data-id=\"7628bacf\" data-element_type=\"widget\" data-widget_type=\"image.default\">\n\t\t\t\t<div class=\"elementor-widget-container\">\n\t\t\t\t\t\t\t\t\t\t\t\t\t\t\t<img fetchpriority=\"high\" decoding=\"async\" width=\"2560\" height=\"1707\" src=\"https:\/\/sorys.uwb.pl\/wp-content\/uploads\/2024\/12\/DSC03801-scaled.jpg\" class=\"attachment-full size-full wp-image-863\" alt=\"\" srcset=\"https:\/\/sorys.uwb.pl\/wp-content\/uploads\/2024\/12\/DSC03801-scaled.jpg 2560w, https:\/\/sorys.uwb.pl\/wp-content\/uploads\/2024\/12\/DSC03801-300x200.jpg 300w, https:\/\/sorys.uwb.pl\/wp-content\/uploads\/2024\/12\/DSC03801-1024x683.jpg 1024w, https:\/\/sorys.uwb.pl\/wp-content\/uploads\/2024\/12\/DSC03801-768x512.jpg 768w, https:\/\/sorys.uwb.pl\/wp-content\/uploads\/2024\/12\/DSC03801-1536x1024.jpg 1536w, https:\/\/sorys.uwb.pl\/wp-content\/uploads\/2024\/12\/DSC03801-2048x1365.jpg 2048w\" sizes=\"(max-width: 2560px) 100vw, 2560px\" \/>\t\t\t\t\t\t\t\t\t\t\t\t\t\t\t<\/div>\n\t\t\t\t<\/div>\n\t\t\t\t\t<\/div>\n\t\t<\/div>\n\t\t\t\t<div class=\"elementor-column elementor-col-66 elementor-top-column elementor-element elementor-element-72bfe444\" data-id=\"72bfe444\" data-element_type=\"column\">\n\t\t\t<div class=\"elementor-widget-wrap elementor-element-populated\">\n\t\t\t\t\t\t<div class=\"elementor-element elementor-element-3907172a elementor-widget elementor-widget-heading\" data-id=\"3907172a\" data-element_type=\"widget\" data-widget_type=\"heading.default\">\n\t\t\t\t<div class=\"elementor-widget-container\">\n\t\t\t\t\t<h3 class=\"elementor-heading-title elementor-size-default\">Odkryj Nasz\u0105 Szko\u0142\u0119 z Ka\u017cdej Strony!<\/h3>\t\t\t\t<\/div>\n\t\t\t\t<\/div>\n\t\t\t\t<div class=\"elementor-element elementor-element-60a0665c elementor-widget elementor-widget-heading\" data-id=\"60a0665c\" data-element_type=\"widget\" data-widget_type=\"heading.default\">\n\t\t\t\t<div class=\"elementor-widget-container\">\n\t\t\t\t\t<h1 class=\"elementor-heading-title elementor-size-default\">Wirtualny Spacer<\/h1>\t\t\t\t<\/div>\n\t\t\t\t<\/div>\n\t\t\t\t<div class=\"elementor-element elementor-element-827ac12 elementor-widget elementor-widget-text-editor\" data-id=\"827ac12\" data-element_type=\"widget\" data-widget_type=\"text-editor.default\">\n\t\t\t\t<div class=\"elementor-widget-container\">\n\t\t\t\t\t\t\t\t\t<p class=\"p1\">Zapraszamy Ci\u0119 do wirtualnego spaceru po Sorys Language Corner! Dzi\u0119ki naszym interaktywnym zdj\u0119ciom 360 stopni mo\u017cesz samodzielnie zwiedzi\u0107 nasze nowoczesne sale lekcyjne, przestronne korytarze oraz przytulne strefy wsp\u00f3lne. Poznaj atmosfer\u0119 naszej szko\u0142y, zobacz, jak wygl\u0105da codzienna nauka i przekonaj si\u0119, dlaczego jeste\u015bmy idealnym miejscem do nauki j\u0119zyk\u00f3w obcych.<\/p>\t\t\t\t\t\t\t\t<\/div>\n\t\t\t\t<\/div>\n\t\t\t\t\t<\/div>\n\t\t<\/div>\n\t\t\t\t\t<\/div>\n\t\t<\/section>\n\t\t\t\t<section class=\"elementor-section elementor-top-section elementor-element elementor-element-79ff7df0 elementor-section-boxed elementor-section-height-default elementor-section-height-default\" data-id=\"79ff7df0\" data-element_type=\"section\" data-settings=\"{&quot;background_background&quot;:&quot;classic&quot;,&quot;shape_divider_top&quot;:&quot;waves&quot;,&quot;shape_divider_top_negative&quot;:&quot;yes&quot;,&quot;shape_divider_bottom&quot;:&quot;waves&quot;,&quot;shape_divider_bottom_negative&quot;:&quot;yes&quot;}\">\n\t\t\t\t\t\t\t<div class=\"elementor-background-overlay\"><\/div>\n\t\t\t\t\t\t<div class=\"elementor-shape elementor-shape-top\" data-negative=\"true\">\n\t\t\t<svg xmlns=\"http:\/\/www.w3.org\/2000\/svg\" viewBox=\"0 0 1000 100\" preserveAspectRatio=\"none\">\n\t<path class=\"elementor-shape-fill\" d=\"M790.5,93.1c-59.3-5.3-116.8-18-192.6-50c-29.6-12.7-76.9-31-100.5-35.9c-23.6-4.9-52.6-7.8-75.5-5.3\n\tc-10.2,1.1-22.6,1.4-50.1,7.4c-27.2,6.3-58.2,16.6-79.4,24.7c-41.3,15.9-94.9,21.9-134,22.6C72,58.2,0,25.8,0,25.8V100h1000V65.3\n\tc0,0-51.5,19.4-106.2,25.7C839.5,97,814.1,95.2,790.5,93.1z\"\/>\n<\/svg>\t\t<\/div>\n\t\t\t\t<div class=\"elementor-shape elementor-shape-bottom\" data-negative=\"true\">\n\t\t\t<svg xmlns=\"http:\/\/www.w3.org\/2000\/svg\" viewBox=\"0 0 1000 100\" preserveAspectRatio=\"none\">\n\t<path class=\"elementor-shape-fill\" d=\"M790.5,93.1c-59.3-5.3-116.8-18-192.6-50c-29.6-12.7-76.9-31-100.5-35.9c-23.6-4.9-52.6-7.8-75.5-5.3\n\tc-10.2,1.1-22.6,1.4-50.1,7.4c-27.2,6.3-58.2,16.6-79.4,24.7c-41.3,15.9-94.9,21.9-134,22.6C72,58.2,0,25.8,0,25.8V100h1000V65.3\n\tc0,0-51.5,19.4-106.2,25.7C839.5,97,814.1,95.2,790.5,93.1z\"\/>\n<\/svg>\t\t<\/div>\n\t\t\t\t\t<div class=\"elementor-container elementor-column-gap-default\">\n\t\t\t\t\t<div class=\"elementor-column elementor-col-50 elementor-top-column elementor-element elementor-element-3d7cbe1c\" data-id=\"3d7cbe1c\" data-element_type=\"column\">\n\t\t\t<div class=\"elementor-widget-wrap elementor-element-populated\">\n\t\t\t\t\t\t<div class=\"elementor-element elementor-element-5e0da37 elementor-widget elementor-widget-heading\" data-id=\"5e0da37\" data-element_type=\"widget\" data-widget_type=\"heading.default\">\n\t\t\t\t<div class=\"elementor-widget-container\">\n\t\t\t\t\t<h1 class=\"elementor-heading-title elementor-size-default\">Poczekalnia<\/h1>\t\t\t\t<\/div>\n\t\t\t\t<\/div>\n\t\t\t\t<div class=\"elementor-element elementor-element-9937833 elementor-widget elementor-widget-html\" data-id=\"9937833\" data-element_type=\"widget\" data-widget_type=\"html.default\">\n\t\t\t\t<div class=\"elementor-widget-container\">\n\t\t\t\t\t<figure style=\"width:900px;height:450px\" class=\"wp-block-algori-360-image-block-algori-360-image alignundefined\"><a-scene loading-screen=\"enabled: false;\" device-orientation-permission-ui=\"enabled: false\" embedded=\"\"><a-entity camera=\"\" look-controls=\"reverseMouseDrag: true\"><\/a-entity><a-sky src=\"https:\/\/sorys.uwb.pl\/wp-content\/uploads\/2024\/12\/IMG_20241215_142814_00_069-scaled.jpg\"><\/a-sky><\/a-scene><\/figure>\t\t\t\t<\/div>\n\t\t\t\t<\/div>\n\t\t\t\t<div class=\"elementor-element elementor-element-012a7da elementor-widget elementor-widget-heading\" data-id=\"012a7da\" data-element_type=\"widget\" data-widget_type=\"heading.default\">\n\t\t\t\t<div class=\"elementor-widget-container\">\n\t\t\t\t\t<h1 class=\"elementor-heading-title elementor-size-default\">Sala 1<\/h1>\t\t\t\t<\/div>\n\t\t\t\t<\/div>\n\t\t\t\t<div class=\"elementor-element elementor-element-30f47ed elementor-widget elementor-widget-html\" data-id=\"30f47ed\" data-element_type=\"widget\" data-widget_type=\"html.default\">\n\t\t\t\t<div class=\"elementor-widget-container\">\n\t\t\t\t\t<figure style=\"width:900px;height:450px\" class=\"wp-block-algori-360-image-block-algori-360-image alignundefined\"><a-scene loading-screen=\"enabled: false;\" device-orientation-permission-ui=\"enabled: false\" embedded=\"\"><a-entity camera=\"\" look-controls=\"reverseMouseDrag: true\"><\/a-entity><a-sky src=\"https:\/\/sorys.uwb.pl\/wp-content\/uploads\/2024\/12\/IMG_20241215_153449_00_076-scaled.jpg\"><\/a-sky><\/a-scene><\/figure>\t\t\t\t<\/div>\n\t\t\t\t<\/div>\n\t\t\t\t\t<\/div>\n\t\t<\/div>\n\t\t\t\t<div class=\"elementor-column elementor-col-50 elementor-top-column elementor-element elementor-element-3ccbc189\" data-id=\"3ccbc189\" data-element_type=\"column\">\n\t\t\t<div class=\"elementor-widget-wrap elementor-element-populated\">\n\t\t\t\t\t\t<div class=\"elementor-element elementor-element-c491db0 elementor-widget elementor-widget-heading\" data-id=\"c491db0\" data-element_type=\"widget\" data-widget_type=\"heading.default\">\n\t\t\t\t<div class=\"elementor-widget-container\">\n\t\t\t\t\t<h1 class=\"elementor-heading-title elementor-size-default\">Sala 2<\/h1>\t\t\t\t<\/div>\n\t\t\t\t<\/div>\n\t\t\t\t<div class=\"elementor-element elementor-element-0b07d65 elementor-widget elementor-widget-html\" data-id=\"0b07d65\" data-element_type=\"widget\" data-widget_type=\"html.default\">\n\t\t\t\t<div class=\"elementor-widget-container\">\n\t\t\t\t\t<figure style=\"width:900px;height:450px\" class=\"wp-block-algori-360-image-block-algori-360-image alignundefined\"><a-scene loading-screen=\"enabled: false;\" device-orientation-permission-ui=\"enabled: false\" embedded=\"\"><a-entity camera=\"\" look-controls=\"reverseMouseDrag: true\"><\/a-entity><a-sky src=\"https:\/\/sorys.uwb.pl\/wp-content\/uploads\/2024\/12\/IMG_20241215_145409_00_074-scaled.jpg\"><\/a-sky><\/a-scene><\/figure>\t\t\t\t<\/div>\n\t\t\t\t<\/div>\n\t\t\t\t<div class=\"elementor-element elementor-element-5323ff8 elementor-widget elementor-widget-heading\" data-id=\"5323ff8\" data-element_type=\"widget\" data-widget_type=\"heading.default\">\n\t\t\t\t<div class=\"elementor-widget-container\">\n\t\t\t\t\t<h1 class=\"elementor-heading-title elementor-size-default\">Sala 3<\/h1>\t\t\t\t<\/div>\n\t\t\t\t<\/div>\n\t\t\t\t<div class=\"elementor-element elementor-element-718b1df elementor-widget elementor-widget-html\" data-id=\"718b1df\" data-element_type=\"widget\" data-widget_type=\"html.default\">\n\t\t\t\t<div class=\"elementor-widget-container\">\n\t\t\t\t\t<figure style=\"width:900px;height:450px\" class=\"wp-block-algori-360-image-block-algori-360-image alignundefined\"><a-scene loading-screen=\"enabled: false;\" device-orientation-permission-ui=\"enabled: false\" embedded=\"\"><a-entity camera=\"\" look-controls=\"reverseMouseDrag: true\"><\/a-entity><a-sky src=\"https:\/\/sorys.uwb.pl\/wp-content\/uploads\/2024\/12\/IMG_20241215_155617_00_083-scaled.jpg\"><\/a-sky><\/a-scene><\/figure>\t\t\t\t<\/div>\n\t\t\t\t<\/div>\n\t\t\t\t\t<\/div>\n\t\t<\/div>\n\t\t\t\t\t<\/div>\n\t\t<\/section>\n\t\t\t\t<section class=\"elementor-section elementor-top-section elementor-element elementor-element-1abd187b elementor-section-boxed elementor-section-height-default elementor-section-height-default\" data-id=\"1abd187b\" data-element_type=\"section\" data-settings=\"{&quot;background_background&quot;:&quot;classic&quot;}\">\n\t\t\t\t\t\t<div class=\"elementor-container elementor-column-gap-default\">\n\t\t\t\t\t<div class=\"elementor-column elementor-col-100 elementor-top-column elementor-element elementor-element-5bc3deb3\" data-id=\"5bc3deb3\" data-element_type=\"column\">\n\t\t\t<div class=\"elementor-widget-wrap elementor-element-populated\">\n\t\t\t\t\t\t<div class=\"elementor-element elementor-element-614659ff elementor-testimonial--layout-image_above elementor-testimonial--skin-default elementor-testimonial--align-center elementor-pagination-type-bullets elementor-widget elementor-widget-testimonial-carousel\" data-id=\"614659ff\" data-element_type=\"widget\" data-settings=\"{&quot;slides_per_view&quot;:&quot;1&quot;,&quot;slides_to_scroll&quot;:&quot;1&quot;,&quot;pagination&quot;:&quot;bullets&quot;,&quot;speed&quot;:500,&quot;autoplay&quot;:&quot;yes&quot;,&quot;autoplay_speed&quot;:5000,&quot;loop&quot;:&quot;yes&quot;,&quot;pause_on_hover&quot;:&quot;yes&quot;,&quot;pause_on_interaction&quot;:&quot;yes&quot;,&quot;space_between&quot;:{&quot;unit&quot;:&quot;px&quot;,&quot;size&quot;:10,&quot;sizes&quot;:[]},&quot;space_between_tablet&quot;:{&quot;unit&quot;:&quot;px&quot;,&quot;size&quot;:10,&quot;sizes&quot;:[]},&quot;space_between_mobile&quot;:{&quot;unit&quot;:&quot;px&quot;,&quot;size&quot;:10,&quot;sizes&quot;:[]}}\" data-widget_type=\"testimonial-carousel.default\">\n\t\t\t\t<div class=\"elementor-widget-container\">\n\t\t\t\t\t\t\t\t\t<div class=\"elementor-swiper\">\n\t\t\t\t\t<div class=\"elementor-main-swiper swiper\" role=\"region\" aria-roledescription=\"carousel\" aria-label=\"Slajdy\">\n\t\t\t\t<div class=\"swiper-wrapper\">\n\t\t\t\t\t\t\t\t\t\t\t<div class=\"swiper-slide\" role=\"group\" aria-roledescription=\"slide\">\n\t\t\t\t\t\t\t\t\t<div class=\"elementor-testimonial\">\n\t\t\t\t\t\t\t<div class=\"elementor-testimonial__content\">\n\t\t\t\t\t<div class=\"elementor-testimonial__text\">\n\t\t\t\t\t\t<i>\u201cEvery accomplishment starts with the decision to try.\u201d<\/i> <br><br> John F. Kennedy\t\t\t\t\t<\/div>\n\t\t\t\t\t\t\t\t\t<\/div>\n\t\t\t\t\t\t<div class=\"elementor-testimonial__footer\">\n\t\t\t\t\t\t\t\t\t\t\t<\/div>\n\t\t<\/div>\n\t\t\t\t\t\t\t\t<\/div>\n\t\t\t\t\t\t\t\t\t<\/div>\n\t\t\t\t\t\t\t<\/div>\n\t\t\t\t<\/div>\n\t\t\t\t\t\t\t\t<\/div>\n\t\t\t\t<\/div>\n\t\t\t\t<div class=\"elementor-element elementor-element-79e4d022 elementor-widget__width-auto elementor-absolute elementor-hidden-mobile elementor-view-default elementor-widget elementor-widget-icon\" data-id=\"79e4d022\" data-element_type=\"widget\" data-settings=\"{&quot;_position&quot;:&quot;absolute&quot;}\" data-widget_type=\"icon.default\">\n\t\t\t\t<div class=\"elementor-widget-container\">\n\t\t\t\t\t\t\t<div class=\"elementor-icon-wrapper\">\n\t\t\t<div class=\"elementor-icon\">\n\t\t\t<svg aria-hidden=\"true\" class=\"e-font-icon-svg e-fas-circle\" viewBox=\"0 0 512 512\" xmlns=\"http:\/\/www.w3.org\/2000\/svg\"><path d=\"M256 8C119 8 8 119 8 256s111 248 248 248 248-111 248-248S393 8 256 8z\"><\/path><\/svg>\t\t\t<\/div>\n\t\t<\/div>\n\t\t\t\t\t\t<\/div>\n\t\t\t\t<\/div>\n\t\t\t\t\t<\/div>\n\t\t<\/div>\n\t\t\t\t\t<\/div>\n\t\t<\/section>\n\t\t\t\t<\/div>\n\t\t","protected":false},"excerpt":{"rendered":"<p>Odkryj Nasz\u0105 Szko\u0142\u0119 z Ka\u017cdej Strony! Wirtualny Spacer Zapraszamy Ci\u0119 do wirtualnego spaceru po Sorys Language Corner! Dzi\u0119ki naszym interaktywnym zdj\u0119ciom 360 stopni mo\u017cesz samodzielnie zwiedzi\u0107 nasze nowoczesne sale lekcyjne, przestronne korytarze oraz przytulne strefy wsp\u00f3lne. Poznaj atmosfer\u0119 naszej szko\u0142y, zobacz, jak wygl\u0105da codzienna nauka i przekonaj si\u0119, dlaczego jeste\u015bmy idealnym miejscem do nauki j\u0119zyk\u00f3w [&hellip;]<\/p>\n","protected":false},"author":1,"featured_media":0,"parent":0,"menu_order":0,"comment_status":"closed","ping_status":"closed","template":"","meta":{"footnotes":""},"class_list":["post-894","page","type-page","status-publish","hentry"],"_links":{"self":[{"href":"https:\/\/sorys.uwb.pl\/index.php\/wp-json\/wp\/v2\/pages\/894","targetHints":{"allow":["GET"]}}],"collection":[{"href":"https:\/\/sorys.uwb.pl\/index.php\/wp-json\/wp\/v2\/pages"}],"about":[{"href":"https:\/\/sorys.uwb.pl\/index.php\/wp-json\/wp\/v2\/types\/page"}],"author":[{"embeddable":true,"href":"https:\/\/sorys.uwb.pl\/index.php\/wp-json\/wp\/v2\/users\/1"}],"replies":[{"embeddable":true,"href":"https:\/\/sorys.uwb.pl\/index.php\/wp-json\/wp\/v2\/comments?post=894"}],"version-history":[{"count":61,"href":"https:\/\/sorys.uwb.pl\/index.php\/wp-json\/wp\/v2\/pages\/894\/revisions"}],"predecessor-version":[{"id":1075,"href":"https:\/\/sorys.uwb.pl\/index.php\/wp-json\/wp\/v2\/pages\/894\/revisions\/1075"}],"wp:attachment":[{"href":"https:\/\/sorys.uwb.pl\/index.php\/wp-json\/wp\/v2\/media?parent=894"}],"curies":[{"name":"wp","href":"https:\/\/api.w.org\/{rel}","templated":true}]}}