{"id":601,"date":"2024-12-09T16:27:42","date_gmt":"2024-12-09T15:27:42","guid":{"rendered":"http:\/\/sorys.uwb.pl\/?page_id=601"},"modified":"2024-12-31T12:57:17","modified_gmt":"2024-12-31T11:57:17","slug":"zapisy","status":"publish","type":"page","link":"https:\/\/sorys.uwb.pl\/index.php\/zapisy\/","title":{"rendered":"Zapisy"},"content":{"rendered":"\t\t<div data-elementor-type=\"wp-page\" data-elementor-id=\"601\" class=\"elementor elementor-601\" data-elementor-post-type=\"page\">\n\t\t\t\t\t\t<section class=\"elementor-section elementor-top-section elementor-element elementor-element-354c22a5 elementor-section-boxed elementor-section-height-default elementor-section-height-default\" data-id=\"354c22a5\" data-element_type=\"section\" data-settings=\"{&quot;background_background&quot;:&quot;classic&quot;,&quot;shape_divider_bottom_negative&quot;:&quot;yes&quot;,&quot;shape_divider_bottom&quot;:&quot;waves&quot;}\">\n\t\t\t\t\t<div class=\"elementor-shape elementor-shape-bottom\" data-negative=\"true\">\n\t\t\t<svg xmlns=\"http:\/\/www.w3.org\/2000\/svg\" viewBox=\"0 0 1000 100\" preserveAspectRatio=\"none\">\n\t<path class=\"elementor-shape-fill\" d=\"M790.5,93.1c-59.3-5.3-116.8-18-192.6-50c-29.6-12.7-76.9-31-100.5-35.9c-23.6-4.9-52.6-7.8-75.5-5.3\n\tc-10.2,1.1-22.6,1.4-50.1,7.4c-27.2,6.3-58.2,16.6-79.4,24.7c-41.3,15.9-94.9,21.9-134,22.6C72,58.2,0,25.8,0,25.8V100h1000V65.3\n\tc0,0-51.5,19.4-106.2,25.7C839.5,97,814.1,95.2,790.5,93.1z\"\/>\n<\/svg>\t\t<\/div>\n\t\t\t\t\t<div class=\"elementor-container elementor-column-gap-default\">\n\t\t\t\t\t<div class=\"elementor-column elementor-col-50 elementor-top-column elementor-element elementor-element-43fd4768\" data-id=\"43fd4768\" data-element_type=\"column\">\n\t\t\t<div class=\"elementor-widget-wrap elementor-element-populated\">\n\t\t\t\t\t\t<div class=\"elementor-element elementor-element-3b3e217c elementor-widget elementor-widget-image\" data-id=\"3b3e217c\" data-element_type=\"widget\" data-widget_type=\"image.default\">\n\t\t\t\t<div class=\"elementor-widget-container\">\n\t\t\t\t\t\t\t\t\t\t\t\t\t\t\t<img fetchpriority=\"high\" decoding=\"async\" width=\"2560\" height=\"1707\" src=\"https:\/\/sorys.uwb.pl\/wp-content\/uploads\/2024\/12\/DSC03801-scaled.jpg\" class=\"attachment-full size-full wp-image-863\" alt=\"\" srcset=\"https:\/\/sorys.uwb.pl\/wp-content\/uploads\/2024\/12\/DSC03801-scaled.jpg 2560w, https:\/\/sorys.uwb.pl\/wp-content\/uploads\/2024\/12\/DSC03801-300x200.jpg 300w, https:\/\/sorys.uwb.pl\/wp-content\/uploads\/2024\/12\/DSC03801-1024x683.jpg 1024w, https:\/\/sorys.uwb.pl\/wp-content\/uploads\/2024\/12\/DSC03801-768x512.jpg 768w, https:\/\/sorys.uwb.pl\/wp-content\/uploads\/2024\/12\/DSC03801-1536x1024.jpg 1536w, https:\/\/sorys.uwb.pl\/wp-content\/uploads\/2024\/12\/DSC03801-2048x1365.jpg 2048w\" sizes=\"(max-width: 2560px) 100vw, 2560px\" \/>\t\t\t\t\t\t\t\t\t\t\t\t\t\t\t<\/div>\n\t\t\t\t<\/div>\n\t\t\t\t<div class=\"elementor-element elementor-element-c02a6ba elementor-widget__width-auto elementor-absolute elementor-view-default elementor-widget elementor-widget-icon\" data-id=\"c02a6ba\" data-element_type=\"widget\" data-settings=\"{&quot;_position&quot;:&quot;absolute&quot;}\" data-widget_type=\"icon.default\">\n\t\t\t\t<div class=\"elementor-widget-container\">\n\t\t\t\t\t\t\t<div class=\"elementor-icon-wrapper\">\n\t\t\t<div class=\"elementor-icon\">\n\t\t\t<svg aria-hidden=\"true\" class=\"e-font-icon-svg e-fas-circle\" viewBox=\"0 0 512 512\" xmlns=\"http:\/\/www.w3.org\/2000\/svg\"><path d=\"M256 8C119 8 8 119 8 256s111 248 248 248 248-111 248-248S393 8 256 8z\"><\/path><\/svg>\t\t\t<\/div>\n\t\t<\/div>\n\t\t\t\t\t\t<\/div>\n\t\t\t\t<\/div>\n\t\t\t\t\t<\/div>\n\t\t<\/div>\n\t\t\t\t<div class=\"elementor-column elementor-col-50 elementor-top-column elementor-element elementor-element-242fa90\" data-id=\"242fa90\" data-element_type=\"column\">\n\t\t\t<div class=\"elementor-widget-wrap elementor-element-populated\">\n\t\t\t\t\t\t<div class=\"elementor-element elementor-element-179363c0 elementor-widget elementor-widget-heading\" data-id=\"179363c0\" data-element_type=\"widget\" data-widget_type=\"heading.default\">\n\t\t\t\t<div class=\"elementor-widget-container\">\n\t\t\t\t\t<h2 class=\"elementor-heading-title elementor-size-default\">Oferta<\/h2>\t\t\t\t<\/div>\n\t\t\t\t<\/div>\n\t\t\t\t<div class=\"elementor-element elementor-element-5507f105 elementor-widget elementor-widget-heading\" data-id=\"5507f105\" data-element_type=\"widget\" data-widget_type=\"heading.default\">\n\t\t\t\t<div class=\"elementor-widget-container\">\n\t\t\t\t\t<h2 class=\"elementor-heading-title elementor-size-default\">Zapisy<\/h2>\t\t\t\t<\/div>\n\t\t\t\t<\/div>\n\t\t\t\t<div class=\"elementor-element elementor-element-41f33117 elementor-widget elementor-widget-text-editor\" data-id=\"41f33117\" data-element_type=\"widget\" data-widget_type=\"text-editor.default\">\n\t\t\t\t<div class=\"elementor-widget-container\">\n\t\t\t\t\t\t\t\t\t<p>Aktualnie prowadzimy zapisy do wszystkich grup wiekowych od 4-18 roku \u017cycia, a tak\u017ce do grup doros\u0142ych na poziomie A1, A2-B1, B2, r\u00f3wnie\u017c do kurs\u00f3w przygotowuj\u0105cych do egzaminu \u00f3smoklasisty i maturalnych.<\/p><p>Ka\u017cdy nowy ucze\u0144 mo\u017ce skorzysta\u0107 z bezp\u0142atnych zaj\u0119\u0107 pr\u00f3bnych, kt\u00f3re pomog\u0105 dobra\u0107 odpowiedni\u0105 grup\u0119 i poziom. Do\u0142\u0105cz do nas i przekonaj si\u0119, \u017ce nauka j\u0119zyka mo\u017ce by\u0107 przyjemno\u015bci\u0105!<\/p><p>Zapraszamy do kontaktu i rezerwacji miejsc \u2013 liczba uczestnik\u00f3w w grupach jest ograniczona.<\/p>\t\t\t\t\t\t\t\t<\/div>\n\t\t\t\t<\/div>\n\t\t\t\t\t<\/div>\n\t\t<\/div>\n\t\t\t\t\t<\/div>\n\t\t<\/section>\n\t\t\t\t<section class=\"elementor-section elementor-top-section elementor-element elementor-element-23fa935 elementor-section-boxed elementor-section-height-default elementor-section-height-default\" data-id=\"23fa935\" data-element_type=\"section\" data-settings=\"{&quot;background_background&quot;:&quot;classic&quot;}\">\n\t\t\t\t\t\t<div class=\"elementor-container elementor-column-gap-default\">\n\t\t\t\t\t<div class=\"elementor-column elementor-col-100 elementor-top-column elementor-element elementor-element-172290fd\" data-id=\"172290fd\" data-element_type=\"column\">\n\t\t\t<div class=\"elementor-widget-wrap elementor-element-populated\">\n\t\t\t\t\t\t<section class=\"elementor-section elementor-inner-section elementor-element elementor-element-4f26120 elementor-section-boxed elementor-section-height-default elementor-section-height-default\" data-id=\"4f26120\" data-element_type=\"section\" data-settings=\"{&quot;background_background&quot;:&quot;classic&quot;}\">\n\t\t\t\t\t\t<div class=\"elementor-container elementor-column-gap-default\">\n\t\t\t\t\t<div class=\"elementor-column elementor-col-100 elementor-inner-column elementor-element elementor-element-196b1dbc\" data-id=\"196b1dbc\" data-element_type=\"column\">\n\t\t\t<div class=\"elementor-widget-wrap elementor-element-populated\">\n\t\t\t\t\t\t<div class=\"elementor-element elementor-element-8915680 elementor-widget elementor-widget-heading\" data-id=\"8915680\" data-element_type=\"widget\" data-widget_type=\"heading.default\">\n\t\t\t\t<div class=\"elementor-widget-container\">\n\t\t\t\t\t<h3 class=\"elementor-heading-title elementor-size-default\">Sorys Language Corner<\/h3>\t\t\t\t<\/div>\n\t\t\t\t<\/div>\n\t\t\t\t<div class=\"elementor-element elementor-element-7008d6d0 elementor-widget elementor-widget-heading\" data-id=\"7008d6d0\" data-element_type=\"widget\" data-widget_type=\"heading.default\">\n\t\t\t\t<div class=\"elementor-widget-container\">\n\t\t\t\t\t<h2 class=\"elementor-heading-title elementor-size-default\">Do\u0142\u0105cz do nas<\/h2>\t\t\t\t<\/div>\n\t\t\t\t<\/div>\n\t\t\t\t<div class=\"elementor-element elementor-element-36778707 elementor-widget elementor-widget-text-editor\" data-id=\"36778707\" data-element_type=\"widget\" data-widget_type=\"text-editor.default\">\n\t\t\t\t<div class=\"elementor-widget-container\">\n\t\t\t\t\t\t\t\t\t<p class=\"p1\">Niezale\u017cnie od tego, czy zaczynasz dopiero swoj\u0105 przygod\u0119 z j\u0119zykiem obcym, czy chcesz podnie\u015b\u0107 swoje kwalifikacje zawodowe, Sorys Language Corner jest idealnym miejscem dla Ciebie. Nasze indywidualne podej\u015bcie i zr\u00f3\u017cnicowana oferta kurs\u00f3w zapewni\u0105, \u017ce znajdziesz program idealnie dopasowany do swoich potrzeb.<\/p>\t\t\t\t\t\t\t\t<\/div>\n\t\t\t\t<\/div>\n\t\t\t\t<div class=\"elementor-element elementor-element-b6b33fe elementor-tablet-align-center elementor-align-center elementor-widget elementor-widget-button\" data-id=\"b6b33fe\" data-element_type=\"widget\" data-widget_type=\"button.default\">\n\t\t\t\t<div class=\"elementor-widget-container\">\n\t\t\t\t\t\t\t\t\t<div class=\"elementor-button-wrapper\">\n\t\t\t\t\t<a class=\"elementor-button elementor-button-link elementor-size-sm elementor-animation-shrink\" href=\"https:\/\/sorys.uwb.pl\/index.php\/kontakt\/\">\n\t\t\t\t\t\t<span class=\"elementor-button-content-wrapper\">\n\t\t\t\t\t\t\t\t\t<span class=\"elementor-button-text\">Kontakt<\/span>\n\t\t\t\t\t<\/span>\n\t\t\t\t\t<\/a>\n\t\t\t\t<\/div>\n\t\t\t\t\t\t\t\t<\/div>\n\t\t\t\t<\/div>\n\t\t\t\t\t<\/div>\n\t\t<\/div>\n\t\t\t\t\t<\/div>\n\t\t<\/section>\n\t\t\t\t\t<\/div>\n\t\t<\/div>\n\t\t\t\t\t<\/div>\n\t\t<\/section>\n\t\t\t\t<\/div>\n\t\t","protected":false},"excerpt":{"rendered":"<p>Oferta Zapisy Aktualnie prowadzimy zapisy do wszystkich grup wiekowych od 4-18 roku \u017cycia, a tak\u017ce do grup doros\u0142ych na poziomie A1, A2-B1, B2, r\u00f3wnie\u017c do kurs\u00f3w przygotowuj\u0105cych do egzaminu \u00f3smoklasisty i maturalnych. Ka\u017cdy nowy ucze\u0144 mo\u017ce skorzysta\u0107 z bezp\u0142atnych zaj\u0119\u0107 pr\u00f3bnych, kt\u00f3re pomog\u0105 dobra\u0107 odpowiedni\u0105 grup\u0119 i poziom. Do\u0142\u0105cz do nas i przekonaj si\u0119, \u017ce [&hellip;]<\/p>\n","protected":false},"author":1,"featured_media":0,"parent":0,"menu_order":0,"comment_status":"closed","ping_status":"closed","template":"elementor_header_footer","meta":{"footnotes":""},"class_list":["post-601","page","type-page","status-publish","hentry"],"_links":{"self":[{"href":"https:\/\/sorys.uwb.pl\/index.php\/wp-json\/wp\/v2\/pages\/601","targetHints":{"allow":["GET"]}}],"collection":[{"href":"https:\/\/sorys.uwb.pl\/index.php\/wp-json\/wp\/v2\/pages"}],"about":[{"href":"https:\/\/sorys.uwb.pl\/index.php\/wp-json\/wp\/v2\/types\/page"}],"author":[{"embeddable":true,"href":"https:\/\/sorys.uwb.pl\/index.php\/wp-json\/wp\/v2\/users\/1"}],"replies":[{"embeddable":true,"href":"https:\/\/sorys.uwb.pl\/index.php\/wp-json\/wp\/v2\/comments?post=601"}],"version-history":[{"count":34,"href":"https:\/\/sorys.uwb.pl\/index.php\/wp-json\/wp\/v2\/pages\/601\/revisions"}],"predecessor-version":[{"id":1069,"href":"https:\/\/sorys.uwb.pl\/index.php\/wp-json\/wp\/v2\/pages\/601\/revisions\/1069"}],"wp:attachment":[{"href":"https:\/\/sorys.uwb.pl\/index.php\/wp-json\/wp\/v2\/media?parent=601"}],"curies":[{"name":"wp","href":"https:\/\/api.w.org\/{rel}","templated":true}]}}