{"id":599,"date":"2024-12-09T16:27:24","date_gmt":"2024-12-09T15:27:24","guid":{"rendered":"http:\/\/sorys.uwb.pl\/?page_id=599"},"modified":"2024-12-31T12:58:15","modified_gmt":"2024-12-31T11:58:15","slug":"wynajem-sal","status":"publish","type":"page","link":"https:\/\/sorys.uwb.pl\/index.php\/wynajem-sal\/","title":{"rendered":"Wynajem sal"},"content":{"rendered":"\t\t<div data-elementor-type=\"wp-page\" data-elementor-id=\"599\" class=\"elementor elementor-599\" data-elementor-post-type=\"page\">\n\t\t\t\t\t\t<section class=\"elementor-section elementor-top-section elementor-element elementor-element-f556e71 elementor-section-boxed elementor-section-height-default elementor-section-height-default\" data-id=\"f556e71\" data-element_type=\"section\" data-settings=\"{&quot;background_background&quot;:&quot;classic&quot;,&quot;shape_divider_bottom_negative&quot;:&quot;yes&quot;,&quot;shape_divider_bottom&quot;:&quot;waves&quot;}\">\n\t\t\t\t\t<div class=\"elementor-shape elementor-shape-bottom\" data-negative=\"true\">\n\t\t\t<svg xmlns=\"http:\/\/www.w3.org\/2000\/svg\" viewBox=\"0 0 1000 100\" preserveAspectRatio=\"none\">\n\t<path class=\"elementor-shape-fill\" d=\"M790.5,93.1c-59.3-5.3-116.8-18-192.6-50c-29.6-12.7-76.9-31-100.5-35.9c-23.6-4.9-52.6-7.8-75.5-5.3\n\tc-10.2,1.1-22.6,1.4-50.1,7.4c-27.2,6.3-58.2,16.6-79.4,24.7c-41.3,15.9-94.9,21.9-134,22.6C72,58.2,0,25.8,0,25.8V100h1000V65.3\n\tc0,0-51.5,19.4-106.2,25.7C839.5,97,814.1,95.2,790.5,93.1z\"\/>\n<\/svg>\t\t<\/div>\n\t\t\t\t\t<div class=\"elementor-container elementor-column-gap-default\">\n\t\t\t\t\t<div class=\"elementor-column elementor-col-50 elementor-top-column elementor-element elementor-element-6487aafa\" data-id=\"6487aafa\" data-element_type=\"column\">\n\t\t\t<div class=\"elementor-widget-wrap elementor-element-populated\">\n\t\t\t\t\t\t<div class=\"elementor-element elementor-element-4bc1b1e2 elementor-widget elementor-widget-image\" data-id=\"4bc1b1e2\" data-element_type=\"widget\" data-widget_type=\"image.default\">\n\t\t\t\t<div class=\"elementor-widget-container\">\n\t\t\t\t\t\t\t\t\t\t\t\t\t\t\t<img fetchpriority=\"high\" decoding=\"async\" width=\"1222\" height=\"885\" src=\"https:\/\/sorys.uwb.pl\/wp-content\/uploads\/2024\/12\/DSC03759v.jpg\" class=\"attachment-full size-full wp-image-890\" alt=\"\" srcset=\"https:\/\/sorys.uwb.pl\/wp-content\/uploads\/2024\/12\/DSC03759v.jpg 1222w, https:\/\/sorys.uwb.pl\/wp-content\/uploads\/2024\/12\/DSC03759v-300x217.jpg 300w, https:\/\/sorys.uwb.pl\/wp-content\/uploads\/2024\/12\/DSC03759v-1024x742.jpg 1024w, https:\/\/sorys.uwb.pl\/wp-content\/uploads\/2024\/12\/DSC03759v-768x556.jpg 768w\" sizes=\"(max-width: 1222px) 100vw, 1222px\" \/>\t\t\t\t\t\t\t\t\t\t\t\t\t\t\t<\/div>\n\t\t\t\t<\/div>\n\t\t\t\t<div class=\"elementor-element elementor-element-aa0598c elementor-widget__width-auto elementor-absolute elementor-view-default elementor-widget elementor-widget-icon\" data-id=\"aa0598c\" data-element_type=\"widget\" data-settings=\"{&quot;_position&quot;:&quot;absolute&quot;}\" data-widget_type=\"icon.default\">\n\t\t\t\t<div class=\"elementor-widget-container\">\n\t\t\t\t\t\t\t<div class=\"elementor-icon-wrapper\">\n\t\t\t<div class=\"elementor-icon\">\n\t\t\t<svg aria-hidden=\"true\" class=\"e-font-icon-svg e-fas-circle\" viewBox=\"0 0 512 512\" xmlns=\"http:\/\/www.w3.org\/2000\/svg\"><path d=\"M256 8C119 8 8 119 8 256s111 248 248 248 248-111 248-248S393 8 256 8z\"><\/path><\/svg>\t\t\t<\/div>\n\t\t<\/div>\n\t\t\t\t\t\t<\/div>\n\t\t\t\t<\/div>\n\t\t\t\t\t<\/div>\n\t\t<\/div>\n\t\t\t\t<div class=\"elementor-column elementor-col-50 elementor-top-column elementor-element elementor-element-54ba107c\" data-id=\"54ba107c\" data-element_type=\"column\">\n\t\t\t<div class=\"elementor-widget-wrap elementor-element-populated\">\n\t\t\t\t\t\t<div class=\"elementor-element elementor-element-28f75e21 elementor-widget elementor-widget-heading\" data-id=\"28f75e21\" data-element_type=\"widget\" data-widget_type=\"heading.default\">\n\t\t\t\t<div class=\"elementor-widget-container\">\n\t\t\t\t\t<h2 class=\"elementor-heading-title elementor-size-default\">Oferta<\/h2>\t\t\t\t<\/div>\n\t\t\t\t<\/div>\n\t\t\t\t<div class=\"elementor-element elementor-element-609ad2a elementor-widget elementor-widget-heading\" data-id=\"609ad2a\" data-element_type=\"widget\" data-widget_type=\"heading.default\">\n\t\t\t\t<div class=\"elementor-widget-container\">\n\t\t\t\t\t<h2 class=\"elementor-heading-title elementor-size-default\">Wynajem sal<\/h2>\t\t\t\t<\/div>\n\t\t\t\t<\/div>\n\t\t\t\t<div class=\"elementor-element elementor-element-7f26a5bb elementor-widget elementor-widget-text-editor\" data-id=\"7f26a5bb\" data-element_type=\"widget\" data-widget_type=\"text-editor.default\">\n\t\t\t\t<div class=\"elementor-widget-container\">\n\t\t\t\t\t\t\t\t\t<p>Oferujemy wynajem nowoczesnych sal idealnych na szkolenia, lekcje indywidualne, warsztaty,<\/p><p>spotkania biznesowe i rozmowy rekrutacyjne.<\/p><p>Wyposa\u017cenie sal obejmuje:<\/p>\t\t\t\t\t\t\t\t<\/div>\n\t\t\t\t<\/div>\n\t\t\t\t<div class=\"elementor-element elementor-element-5723f3e4 elementor-position-left elementor-view-default elementor-mobile-position-top elementor-vertical-align-top elementor-widget elementor-widget-icon-box\" data-id=\"5723f3e4\" data-element_type=\"widget\" data-widget_type=\"icon-box.default\">\n\t\t\t\t<div class=\"elementor-widget-container\">\n\t\t\t\t\t\t\t<div class=\"elementor-icon-box-wrapper\">\n\n\t\t\t\t\t\t<div class=\"elementor-icon-box-icon\">\n\t\t\t\t<span  class=\"elementor-icon elementor-animation-\">\n\t\t\t\t<svg xmlns=\"http:\/\/www.w3.org\/2000\/svg\" id=\"Capa_1\" height=\"512\" viewBox=\"0 0 512 512\" width=\"512\"><g><g id=\"Page-1_17_\"><g id=\"_x30_18---Interactive-Board\"><path id=\"Shape_99_\" d=\"m469.333 0h-426.666c-23.553.028-42.639 19.114-42.667 42.667v290.133c.028 23.552 19.114 42.638 42.667 42.667h51.2c0 9.426 7.641 17.067 17.067 17.067h252.809c14.062 104.686 30.983 119.466 45.857 119.466 15.642 0 33.562-16.393 48.026-136.533h11.708c23.552-.028 42.638-19.114 42.667-42.667v-290.133c-.029-23.553-19.115-42.639-42.668-42.667zm-358.4 375.467v-17.067h248.678c.484 4.449.987 8.9 1.51 13.355.154 1.271.307 2.466.452 3.712zm256-156.834c0-15.753 18.773-54.084 34.782-82.099h7.791.094.094 7.765c16.034 28.015 34.807 66.347 34.807 82.099 0 5.12-.495 18.816-1.536 37.367h-82.261c-1.041-18.551-1.536-32.213-1.536-37.367zm2.56 54.434h80.213c-.35 5.436-.751 11.17-1.178 17.067h-77.858c-.426-5.897-.827-11.632-1.177-17.067zm40.107 221.866c-.247 0-17.323-3.413-31.701-126.635-2.389-20.531-4.361-41.523-5.931-61.099h75.264c-1.57 19.575-3.541 40.567-5.931 61.099-14.378 123.222-31.454 126.635-31.701 126.635zm85.333-162.133c0 14.138-11.462 25.6-25.6 25.6h-9.745c7.185-66.022 9.745-128.811 9.745-139.767 0-23.356-25.916-71.151-37.06-90.607-2.934-5.076-8.28-8.28-14.14-8.474v-17.152c0-4.713-3.821-8.533-8.533-8.533-4.713 0-8.533 3.821-8.533 8.533v17.152c-5.854.19-11.198 3.383-14.14 8.448-11.145 19.482-37.06 67.277-37.06 90.633 0 10.001 2.167 63.258 7.996 122.701h-246.93c-9.426 0-17.067 7.641-17.067 17.067h-51.2c-14.138 0-25.6-11.462-25.6-25.6v-290.134c0-14.138 11.462-25.6 25.6-25.6h426.667c14.138 0 25.6 11.462 25.6 25.6z\"><\/path><path id=\"Shape_98_\" d=\"m42.667 59.733c2.263 0 4.433-.9 6.033-2.5l8.533-8.533c3.234-3.348 3.188-8.671-.104-11.962-3.292-3.292-8.614-3.338-11.962-.104l-8.533 8.533c-2.44 2.44-3.169 6.11-1.849 9.298 1.32 3.189 4.431 5.268 7.882 5.268z\"><\/path><path id=\"Shape_97_\" d=\"m96.367 36.634-59.733 59.733c-2.218 2.142-3.108 5.315-2.327 8.299s3.111 5.313 6.094 6.094c2.984.781 6.156-.109 8.299-2.327l59.733-59.733c2.218-2.143 3.108-5.315 2.327-8.299s-3.111-5.313-6.094-6.094c-2.984-.781-6.157.108-8.299 2.327z\"><\/path><circle id=\"Oval_2_\" cx=\"409.6\" cy=\"230.4\" r=\"8.533\"><\/circle><\/g><\/g><\/g><\/svg>\t\t\t\t<\/span>\n\t\t\t<\/div>\n\t\t\t\n\t\t\t\t\t\t<div class=\"elementor-icon-box-content\">\n\n\t\t\t\t\n\t\t\t\t\t\t\t\t\t<p class=\"elementor-icon-box-description\">\n\t\t\t\t\t\tInteraktywne tablice i monitory multimedialne, idealne do prowadzenia prezentacji i zaj\u0119\u0107 dydaktycznych.\t\t\t\t\t<\/p>\n\t\t\t\t\n\t\t\t<\/div>\n\t\t\t\n\t\t<\/div>\n\t\t\t\t\t\t<\/div>\n\t\t\t\t<\/div>\n\t\t\t\t<div class=\"elementor-element elementor-element-11ea1595 elementor-position-left elementor-view-default elementor-mobile-position-top elementor-vertical-align-top elementor-widget elementor-widget-icon-box\" data-id=\"11ea1595\" data-element_type=\"widget\" data-widget_type=\"icon-box.default\">\n\t\t\t\t<div class=\"elementor-widget-container\">\n\t\t\t\t\t\t\t<div class=\"elementor-icon-box-wrapper\">\n\n\t\t\t\t\t\t<div class=\"elementor-icon-box-icon\">\n\t\t\t\t<span  class=\"elementor-icon elementor-animation-\">\n\t\t\t\t<svg xmlns=\"http:\/\/www.w3.org\/2000\/svg\" id=\"Layer_1\" viewBox=\"0 0 512 512\"><path d=\"m496.67 339.57-22.31-64.59c-.81-2.34-2.97-3.94-5.44-4.04-2.48-.08-4.75 1.34-5.73 3.61l-29.86 69.03h-11.65c.18-.57.28-1.18.28-1.82v-45.62l30.93-71.51c.59-1.38.65-2.92.16-4.34l-22.31-64.59c-.81-2.34-2.97-3.94-5.44-4.04s-4.75 1.34-5.73 3.61l-29.86 69.03h-40.65l-3.73-12.2c-.77-2.52-3.1-4.25-5.74-4.25h-167.18c-2.64 0-4.97 1.72-5.74 4.25l-3.73 12.2h-40.65l-29.86-69.03c-.98-2.27-3.23-3.71-5.73-3.61-2.47.09-4.64 1.7-5.44 4.04l-22.31 64.6c-.49 1.42-.43 2.96.16 4.34l30.93 71.51v45.62c0 .63.1 1.25.28 1.82h-11.64l-29.86-69.03c-.98-2.27-3.22-3.69-5.73-3.61-2.47.09-4.64 1.7-5.44 4.04l-22.31 64.59c-.49 1.42-.43 2.96.16 4.34l30.93 71.51v45.62c0 3.31 2.69 6 6 6s6-2.69 6-6v-40.86h44.63l-3.25 10.64c-.56 1.82-.22 3.79.91 5.32s2.92 2.43 4.82 2.43h6.21v22.46c0 3.31 2.69 6 6 6s6-2.69 6-6v-22.46h24.38v51.96c0 3.31 2.69 6 6 6h203.74c3.31 0 6-2.69 6-6v-51.96h24.38v22.46c0 3.31 2.69 6 6 6s6-2.69 6-6v-22.46h6.21c1.9 0 3.69-.9 4.82-2.43s1.47-3.5.91-5.32l-3.25-10.64h44.63v40.86c0 3.31 2.69 6 6 6s6-2.69 6-6v-45.62l30.93-71.51c.6-1.38.66-2.93.17-4.35zm-124.2-38.65h37.48v40.86c0 .63.1 1.25.28 1.82h-24.72zm51.98-126.68 16.5 47.78-24.37 56.33-16.5-47.78zm-35.08 62.09 18.16 52.59h-38.73l-16.08-52.59zm-212.52-16.45h158.3l63.2 206.7h-284.7zm-33.65 69.04h-38.73l18.16-52.59h36.65zm-55.65-114.68 24.37 56.33-16.5 47.78-24.37-56.33zm14.49 167.54v-40.86h37.49l-13.05 42.68h-24.72c.18-.58.28-1.19.28-1.82zm-58.1-48.27 24.37 56.33-16.5 47.78-24.37-56.33zm16.9 114.67 18.17-52.59h43.8l-16.08 52.59zm291.03 76.36h-191.74v-45.96h191.74zm53.4-76.36-16.08-52.59h43.8l18.17 52.59zm54.93-10.56-16.5-47.78 24.37-56.33 16.5 47.78zm-331.29-347.02h3.29v118.86c0 3.31 2.69 6 6 6h234.68c3.31 0 6-2.69 6-6v-118.86h3.29c9.69 0 17.57-7.88 17.57-17.57s-7.88-17.57-17.57-17.57h-253.26c-9.69 0-17.57 7.88-17.57 17.57s7.88 17.57 17.57 17.57zm237.97 112.86h-222.68v-112.86h222.68zm-237.97-136h253.25c3.07 0 5.57 2.5 5.57 5.57s-2.5 5.57-5.57 5.57h-253.25c-3.07 0-5.57-2.5-5.57-5.57s2.5-5.57 5.57-5.57z\"><\/path><\/svg>\t\t\t\t<\/span>\n\t\t\t<\/div>\n\t\t\t\n\t\t\t\t\t\t<div class=\"elementor-icon-box-content\">\n\n\t\t\t\t\n\t\t\t\t\t\t\t\t\t<p class=\"elementor-icon-box-description\">\n\t\t\t\t\t\tWygodne miejsca do pracy, dostosowane do potrzeb zar\u00f3wno ma\u0142ych grup, jak i wi\u0119kszych zespo\u0142\u00f3w.\t\t\t\t\t<\/p>\n\t\t\t\t\n\t\t\t<\/div>\n\t\t\t\n\t\t<\/div>\n\t\t\t\t\t\t<\/div>\n\t\t\t\t<\/div>\n\t\t\t\t<div class=\"elementor-element elementor-element-7f0c52d6 elementor-position-left elementor-vertical-align-middle elementor-view-default elementor-mobile-position-top elementor-widget elementor-widget-icon-box\" data-id=\"7f0c52d6\" data-element_type=\"widget\" data-widget_type=\"icon-box.default\">\n\t\t\t\t<div class=\"elementor-widget-container\">\n\t\t\t\t\t\t\t<div class=\"elementor-icon-box-wrapper\">\n\n\t\t\t\t\t\t<div class=\"elementor-icon-box-icon\">\n\t\t\t\t<span  class=\"elementor-icon elementor-animation-\">\n\t\t\t\t<svg xmlns=\"http:\/\/www.w3.org\/2000\/svg\" id=\"Capa_1\" height=\"512\" viewBox=\"0 0 512 512\" width=\"512\"><g><path d=\"m494.169 386.102v-79.526c0-9.135-2.216-18.221-6.408-26.277-1.913-3.675-6.445-5.101-10.115-3.191-3.675 1.912-5.104 6.441-3.191 10.115 3.129 6.012 4.715 12.523 4.715 19.354v79.4h-121.384v-79.4c0-23.149 18.833-41.982 41.982-41.982h37.419c5.454 0 10.755 1.027 15.755 3.055 3.841 1.556 8.212-.295 9.769-4.134 1.556-3.839-.295-8.212-4.134-9.769-6.799-2.755-13.995-4.152-21.39-4.152h-37.419c-31.42 0-56.982 25.563-56.982 56.982v79.526c-1.999.248-3.873.892-5.547 1.854-1.674-.962-3.548-1.606-5.548-1.854v-79.526c0-31.42-25.562-56.982-56.981-56.982h-37.42c-31.42 0-56.981 25.563-56.981 56.982v79.526c-1.999.248-3.874.892-5.548 1.854-1.674-.962-3.548-1.606-5.547-1.854v-79.526c0-31.42-25.563-56.982-56.982-56.982h-37.419c-31.42 0-56.981 25.563-56.981 56.982v79.526c-7.342.91-13.048 7.176-13.048 14.76v22.648c0 8.208 6.678 14.886 14.886 14.886h13.179c4.143 0 7.5-3.357 7.5-7.5s-3.357-7.5-7.5-7.5h-13.066v-22.42h147.478v22.42h-61.65c-13.946 0-23.527 0-37.763 0-4.143 0-7.5 3.357-7.5 7.5s3.357 7.5 7.5 7.5h6.086v34.427h-20.706c-10.801 0-19.588 8.787-19.588 19.589 0 10.801 8.787 19.588 19.588 19.588h80.589c10.801 0 19.588-8.787 19.588-19.588 0-10.802-8.787-19.589-19.588-19.589h-20.707v-34.427h54.266c2.688 0 5.206-.727 7.385-1.979 2.179 1.252 4.697 1.979 7.386 1.979h54.266v34.427h-20.706c-10.802 0-19.589 8.787-19.589 19.589 0 10.801 8.787 19.588 19.589 19.588h80.588c10.802 0 19.589-8.787 19.589-19.588 0-10.802-8.787-19.589-19.589-19.589h-20.706v-34.427h54.266c2.689 0 5.206-.727 7.386-1.979 2.179 1.252 4.696 1.979 7.385 1.979h54.266v34.427h-20.706c-10.801 0-19.588 8.787-19.588 19.589 0 10.801 8.787 19.588 19.588 19.588h80.589c10.801 0 19.588-8.787 19.588-19.588 0-10.802-8.787-19.589-19.588-19.589h-20.706v-34.427h54.265c8.208 0 14.886-6.678 14.886-14.886v-22.648c-.003-7.585-5.709-13.851-13.051-14.761zm-298.86-79.526c0-23.149 18.833-41.982 41.981-41.982h37.42c23.148 0 41.981 18.833 41.981 41.982v79.4h-121.382zm-162.478 79.401v-79.4c0-23.149 18.833-41.982 41.981-41.982h37.419c23.149 0 41.982 18.833 41.982 41.982v79.4zm105.573 106.435c0 2.529-2.059 4.588-4.588 4.588h-80.588c-2.529 0-4.588-2.059-4.588-4.588 0-2.53 2.059-4.589 4.588-4.589h80.589c2.529 0 4.587 2.059 4.587 4.589zm-40.294-19.589h-9.177v-34.427h9.177zm84.151-49.311c0-.001 0-.001 0 0zm0-22.535h147.479v22.42c-7.184 0-140.595 0-147.479 0zm118.622 91.435c0 2.529-2.059 4.588-4.589 4.588h-80.588c-2.53 0-4.589-2.059-4.589-4.588 0-2.53 2.059-4.589 4.589-4.589h80.588c2.53 0 4.589 2.059 4.589 4.589zm-40.295-19.589h-9.176v-34.427h9.176zm84.151-49.311c0-.001 0-.001 0 0zm118.621 68.9c0 2.529-2.059 4.588-4.588 4.588h-80.589c-2.529 0-4.588-2.059-4.588-4.588 0-2.53 2.059-4.589 4.588-4.589h80.589c2.53 0 4.588 2.059 4.588 4.589zm-40.294-19.589h-9.177v-34.427h9.177zm69.151-49.427c-6.882 0-140.289 0-147.478 0v-22.42h147.478z\"><\/path><path d=\"m256 120.065h30.936c4.143 0 7.5-3.357 7.5-7.5s-3.357-7.5-7.5-7.5h-23.436v-32.624c0-4.143-3.357-7.5-7.5-7.5s-7.5 3.357-7.5 7.5v40.124c0 4.143 3.357 7.5 7.5 7.5z\"><\/path><path d=\"m256 225.131c62.068 0 112.565-50.497 112.565-112.565s-50.497-112.566-112.565-112.566-112.565 50.497-112.565 112.565 50.497 112.566 112.565 112.566zm0-210.131c53.798 0 97.565 43.768 97.565 97.565s-43.767 97.566-97.565 97.566-97.565-43.768-97.565-97.565 43.767-97.566 97.565-97.566z\"><\/path><path d=\"m256 198.35c47.302 0 85.784-38.482 85.784-85.784s-38.482-85.786-85.784-85.786-85.784 38.483-85.784 85.785 38.482 85.785 85.784 85.785zm-7.56-156.161v6.31c0 4.143 3.357 7.5 7.5 7.5s7.5-3.357 7.5-7.5v-6.325c32.961 3.459 59.247 29.632 62.898 62.537h-6.541c-4.143 0-7.5 3.357-7.5 7.5s3.357 7.5 7.5 7.5h6.627c-3.345 33.218-29.754 59.728-62.924 63.238v-6.941c0-4.143-3.357-7.5-7.5-7.5s-7.5 3.357-7.5 7.5v6.941c-33.17-3.51-59.579-30.02-62.924-63.238h6.627c4.143 0 7.5-3.357 7.5-7.5s-3.357-7.5-7.5-7.5h-6.541c3.646-32.865 29.874-59.012 62.778-62.522z\"><\/path><\/g><\/svg>\t\t\t\t<\/span>\n\t\t\t<\/div>\n\t\t\t\n\t\t\t\t\t\t<div class=\"elementor-icon-box-content\">\n\n\t\t\t\t\n\t\t\t\t\t\t\t\t\t<p class=\"elementor-icon-box-description\">\n\t\t\t\t\t\tPoczekalni\u0119 oraz toalety.\t\t\t\t\t<\/p>\n\t\t\t\t\n\t\t\t<\/div>\n\t\t\t\n\t\t<\/div>\n\t\t\t\t\t\t<\/div>\n\t\t\t\t<\/div>\n\t\t\t\t\t<\/div>\n\t\t<\/div>\n\t\t\t\t\t<\/div>\n\t\t<\/section>\n\t\t\t\t<section class=\"elementor-section elementor-top-section elementor-element elementor-element-10d81e13 elementor-section-boxed elementor-section-height-default elementor-section-height-default\" data-id=\"10d81e13\" data-element_type=\"section\" data-settings=\"{&quot;background_background&quot;:&quot;classic&quot;}\">\n\t\t\t\t\t\t<div class=\"elementor-container elementor-column-gap-default\">\n\t\t\t\t\t<div class=\"elementor-column elementor-col-100 elementor-top-column elementor-element elementor-element-15bc6d90\" data-id=\"15bc6d90\" data-element_type=\"column\">\n\t\t\t<div class=\"elementor-widget-wrap elementor-element-populated\">\n\t\t\t\t\t\t<section class=\"elementor-section elementor-inner-section elementor-element elementor-element-463bed55 elementor-section-boxed elementor-section-height-default elementor-section-height-default\" data-id=\"463bed55\" data-element_type=\"section\" data-settings=\"{&quot;background_background&quot;:&quot;classic&quot;}\">\n\t\t\t\t\t\t<div class=\"elementor-container elementor-column-gap-default\">\n\t\t\t\t\t<div class=\"elementor-column elementor-col-100 elementor-inner-column elementor-element elementor-element-5885d524\" data-id=\"5885d524\" data-element_type=\"column\">\n\t\t\t<div class=\"elementor-widget-wrap elementor-element-populated\">\n\t\t\t\t\t\t<div class=\"elementor-element elementor-element-455a4744 elementor-widget elementor-widget-heading\" data-id=\"455a4744\" data-element_type=\"widget\" data-widget_type=\"heading.default\">\n\t\t\t\t<div class=\"elementor-widget-container\">\n\t\t\t\t\t<h3 class=\"elementor-heading-title elementor-size-default\">Sorys Language Corner<\/h3>\t\t\t\t<\/div>\n\t\t\t\t<\/div>\n\t\t\t\t<div class=\"elementor-element elementor-element-4bfb667d elementor-widget elementor-widget-heading\" data-id=\"4bfb667d\" data-element_type=\"widget\" data-widget_type=\"heading.default\">\n\t\t\t\t<div class=\"elementor-widget-container\">\n\t\t\t\t\t<h2 class=\"elementor-heading-title elementor-size-default\">Zarezerwuj<\/h2>\t\t\t\t<\/div>\n\t\t\t\t<\/div>\n\t\t\t\t<div class=\"elementor-element elementor-element-7c511c66 elementor-widget elementor-widget-text-editor\" data-id=\"7c511c66\" data-element_type=\"widget\" data-widget_type=\"text-editor.default\">\n\t\t\t\t<div class=\"elementor-widget-container\">\n\t\t\t\t\t\t\t\t\t<p>Zapraszamy do kontaktu w celu rezerwacji i uzyskania szczeg\u00f3\u0142owych informacji!<\/p>\t\t\t\t\t\t\t\t<\/div>\n\t\t\t\t<\/div>\n\t\t\t\t<div class=\"elementor-element elementor-element-088809a elementor-tablet-align-center elementor-align-center elementor-widget elementor-widget-button\" data-id=\"088809a\" data-element_type=\"widget\" data-widget_type=\"button.default\">\n\t\t\t\t<div class=\"elementor-widget-container\">\n\t\t\t\t\t\t\t\t\t<div class=\"elementor-button-wrapper\">\n\t\t\t\t\t<a class=\"elementor-button elementor-button-link elementor-size-sm elementor-animation-shrink\" href=\"https:\/\/sorys.uwb.pl\/index.php\/kontakt\/\">\n\t\t\t\t\t\t<span class=\"elementor-button-content-wrapper\">\n\t\t\t\t\t\t\t\t\t<span class=\"elementor-button-text\">Kontakt<\/span>\n\t\t\t\t\t<\/span>\n\t\t\t\t\t<\/a>\n\t\t\t\t<\/div>\n\t\t\t\t\t\t\t\t<\/div>\n\t\t\t\t<\/div>\n\t\t\t\t\t<\/div>\n\t\t<\/div>\n\t\t\t\t\t<\/div>\n\t\t<\/section>\n\t\t\t\t\t<\/div>\n\t\t<\/div>\n\t\t\t\t\t<\/div>\n\t\t<\/section>\n\t\t\t\t<\/div>\n\t\t","protected":false},"excerpt":{"rendered":"<p>Oferta Wynajem sal Oferujemy wynajem nowoczesnych sal idealnych na szkolenia, lekcje indywidualne, warsztaty, spotkania biznesowe i rozmowy rekrutacyjne. Wyposa\u017cenie sal obejmuje: Interaktywne tablice i monitory multimedialne, idealne do prowadzenia prezentacji i zaj\u0119\u0107 dydaktycznych. Wygodne miejsca do pracy, dostosowane do potrzeb zar\u00f3wno ma\u0142ych grup, jak i wi\u0119kszych zespo\u0142\u00f3w. Poczekalni\u0119 oraz toalety. Sorys Language Corner Zarezerwuj Zapraszamy [&hellip;]<\/p>\n","protected":false},"author":1,"featured_media":0,"parent":0,"menu_order":0,"comment_status":"closed","ping_status":"closed","template":"elementor_header_footer","meta":{"footnotes":""},"class_list":["post-599","page","type-page","status-publish","hentry"],"_links":{"self":[{"href":"https:\/\/sorys.uwb.pl\/index.php\/wp-json\/wp\/v2\/pages\/599","targetHints":{"allow":["GET"]}}],"collection":[{"href":"https:\/\/sorys.uwb.pl\/index.php\/wp-json\/wp\/v2\/pages"}],"about":[{"href":"https:\/\/sorys.uwb.pl\/index.php\/wp-json\/wp\/v2\/types\/page"}],"author":[{"embeddable":true,"href":"https:\/\/sorys.uwb.pl\/index.php\/wp-json\/wp\/v2\/users\/1"}],"replies":[{"embeddable":true,"href":"https:\/\/sorys.uwb.pl\/index.php\/wp-json\/wp\/v2\/comments?post=599"}],"version-history":[{"count":52,"href":"https:\/\/sorys.uwb.pl\/index.php\/wp-json\/wp\/v2\/pages\/599\/revisions"}],"predecessor-version":[{"id":1072,"href":"https:\/\/sorys.uwb.pl\/index.php\/wp-json\/wp\/v2\/pages\/599\/revisions\/1072"}],"wp:attachment":[{"href":"https:\/\/sorys.uwb.pl\/index.php\/wp-json\/wp\/v2\/media?parent=599"}],"curies":[{"name":"wp","href":"https:\/\/api.w.org\/{rel}","templated":true}]}}