{"id":1094,"date":"2024-12-31T13:17:08","date_gmt":"2024-12-31T12:17:08","guid":{"rendered":"https:\/\/sorys.uwb.pl\/?page_id=1094"},"modified":"2024-12-31T13:49:49","modified_gmt":"2024-12-31T12:49:49","slug":"oboz-jezykowy","status":"publish","type":"page","link":"https:\/\/sorys.uwb.pl\/index.php\/oboz-jezykowy\/","title":{"rendered":"Ob\u00f3z j\u0119zykowy"},"content":{"rendered":"\t\t<div data-elementor-type=\"wp-page\" data-elementor-id=\"1094\" class=\"elementor elementor-1094\" data-elementor-post-type=\"page\">\n\t\t\t\t\t\t<section class=\"elementor-section elementor-top-section elementor-element elementor-element-12174bdd elementor-section-height-min-height elementor-section-items-stretch elementor-section-boxed elementor-section-height-default\" data-id=\"12174bdd\" data-element_type=\"section\" data-settings=\"{&quot;background_background&quot;:&quot;classic&quot;}\">\n\t\t\t\t\t\t<div class=\"elementor-container elementor-column-gap-default\">\n\t\t\t\t\t<div class=\"elementor-column elementor-col-33 elementor-top-column elementor-element elementor-element-3e8f5d23\" data-id=\"3e8f5d23\" data-element_type=\"column\">\n\t\t\t<div class=\"elementor-widget-wrap elementor-element-populated\">\n\t\t\t\t\t\t<div class=\"elementor-element elementor-element-77e106fd elementor-widget elementor-widget-image\" data-id=\"77e106fd\" data-element_type=\"widget\" data-widget_type=\"image.default\">\n\t\t\t\t<div class=\"elementor-widget-container\">\n\t\t\t\t\t\t\t\t\t\t\t\t\t\t\t<img fetchpriority=\"high\" decoding=\"async\" width=\"1500\" height=\"1000\" src=\"https:\/\/sorys.uwb.pl\/wp-content\/uploads\/2024\/12\/2147659245.jpg\" class=\"attachment-full size-full wp-image-1128\" alt=\"\" srcset=\"https:\/\/sorys.uwb.pl\/wp-content\/uploads\/2024\/12\/2147659245.jpg 1500w, https:\/\/sorys.uwb.pl\/wp-content\/uploads\/2024\/12\/2147659245-300x200.jpg 300w, https:\/\/sorys.uwb.pl\/wp-content\/uploads\/2024\/12\/2147659245-1024x683.jpg 1024w, https:\/\/sorys.uwb.pl\/wp-content\/uploads\/2024\/12\/2147659245-768x512.jpg 768w\" sizes=\"(max-width: 1500px) 100vw, 1500px\" \/>\t\t\t\t\t\t\t\t\t\t\t\t\t\t\t<\/div>\n\t\t\t\t<\/div>\n\t\t\t\t\t<\/div>\n\t\t<\/div>\n\t\t\t\t<div class=\"elementor-column elementor-col-66 elementor-top-column elementor-element elementor-element-247b1e21\" data-id=\"247b1e21\" data-element_type=\"column\">\n\t\t\t<div class=\"elementor-widget-wrap elementor-element-populated\">\n\t\t\t\t\t\t<div class=\"elementor-element elementor-element-29d48847 elementor-widget elementor-widget-heading\" data-id=\"29d48847\" data-element_type=\"widget\" data-widget_type=\"heading.default\">\n\t\t\t\t<div class=\"elementor-widget-container\">\n\t\t\t\t\t<h3 class=\"elementor-heading-title elementor-size-default\">Prze\u017cyj Niezapomnian\u0105 Przygod\u0119 z J\u0119zykiem Angielskim!<\/h3>\t\t\t\t<\/div>\n\t\t\t\t<\/div>\n\t\t\t\t<div class=\"elementor-element elementor-element-3c9bd701 elementor-widget elementor-widget-heading\" data-id=\"3c9bd701\" data-element_type=\"widget\" data-widget_type=\"heading.default\">\n\t\t\t\t<div class=\"elementor-widget-container\">\n\t\t\t\t\t<h1 class=\"elementor-heading-title elementor-size-default\">Ob\u00f3z J\u0119zykowy \u2013 Stronie \u015al\u0105skie 02.08-10.08.2025<\/h1>\t\t\t\t<\/div>\n\t\t\t\t<\/div>\n\t\t\t\t<div class=\"elementor-element elementor-element-7247efe5 elementor-widget elementor-widget-text-editor\" data-id=\"7247efe5\" data-element_type=\"widget\" data-widget_type=\"text-editor.default\">\n\t\t\t\t<div class=\"elementor-widget-container\">\n\t\t\t\t\t\t\t\t\t<p class=\"p1\">Zapraszamy wszystkie dzieci i m\u0142odzie\u017c do wzi\u0119cia udzia\u0142u w naszym wyj\u0105tkowym obozie j\u0119zykowym w malowniczym Stroniu \u015al\u0105skim!<\/p><p class=\"p1\">To doskona\u0142a okazja, aby po\u0142\u0105czy\u0107 nauk\u0119 j\u0119zyka angielskiego z fascynuj\u0105cymi przygodami na \u015bwie\u017cym powietrzu.<\/p><p class=\"p1\">Nasz ob\u00f3z to intensywny program edukacyjny, kt\u00f3ry pozwala uczestnikom nie tylko doskonali\u0107 swoje umiej\u0119tno\u015bci j\u0119zykowe, ale tak\u017ce rozwija\u0107 pasje, nawi\u0105zywa\u0107 nowe przyja\u017anie i odkrywa\u0107 uroki natury Dolnego \u015al\u0105ska.<\/p>\t\t\t\t\t\t\t\t<\/div>\n\t\t\t\t<\/div>\n\t\t\t\t\t<\/div>\n\t\t<\/div>\n\t\t\t\t\t<\/div>\n\t\t<\/section>\n\t\t\t\t<section class=\"elementor-section elementor-top-section elementor-element elementor-element-70f4cd31 elementor-section-boxed elementor-section-height-default elementor-section-height-default\" data-id=\"70f4cd31\" data-element_type=\"section\" data-settings=\"{&quot;background_background&quot;:&quot;classic&quot;,&quot;shape_divider_top&quot;:&quot;waves&quot;,&quot;shape_divider_top_negative&quot;:&quot;yes&quot;,&quot;shape_divider_bottom&quot;:&quot;waves&quot;,&quot;shape_divider_bottom_negative&quot;:&quot;yes&quot;}\">\n\t\t\t\t\t\t\t<div class=\"elementor-background-overlay\"><\/div>\n\t\t\t\t\t\t<div class=\"elementor-shape elementor-shape-top\" data-negative=\"true\">\n\t\t\t<svg xmlns=\"http:\/\/www.w3.org\/2000\/svg\" viewBox=\"0 0 1000 100\" preserveAspectRatio=\"none\">\n\t<path class=\"elementor-shape-fill\" d=\"M790.5,93.1c-59.3-5.3-116.8-18-192.6-50c-29.6-12.7-76.9-31-100.5-35.9c-23.6-4.9-52.6-7.8-75.5-5.3\n\tc-10.2,1.1-22.6,1.4-50.1,7.4c-27.2,6.3-58.2,16.6-79.4,24.7c-41.3,15.9-94.9,21.9-134,22.6C72,58.2,0,25.8,0,25.8V100h1000V65.3\n\tc0,0-51.5,19.4-106.2,25.7C839.5,97,814.1,95.2,790.5,93.1z\"\/>\n<\/svg>\t\t<\/div>\n\t\t\t\t<div class=\"elementor-shape elementor-shape-bottom\" data-negative=\"true\">\n\t\t\t<svg xmlns=\"http:\/\/www.w3.org\/2000\/svg\" viewBox=\"0 0 1000 100\" preserveAspectRatio=\"none\">\n\t<path class=\"elementor-shape-fill\" d=\"M790.5,93.1c-59.3-5.3-116.8-18-192.6-50c-29.6-12.7-76.9-31-100.5-35.9c-23.6-4.9-52.6-7.8-75.5-5.3\n\tc-10.2,1.1-22.6,1.4-50.1,7.4c-27.2,6.3-58.2,16.6-79.4,24.7c-41.3,15.9-94.9,21.9-134,22.6C72,58.2,0,25.8,0,25.8V100h1000V65.3\n\tc0,0-51.5,19.4-106.2,25.7C839.5,97,814.1,95.2,790.5,93.1z\"\/>\n<\/svg>\t\t<\/div>\n\t\t\t\t\t<div class=\"elementor-container elementor-column-gap-default\">\n\t\t\t\t\t<div class=\"elementor-column elementor-col-100 elementor-top-column elementor-element elementor-element-6bd9552c\" data-id=\"6bd9552c\" data-element_type=\"column\">\n\t\t\t<div class=\"elementor-widget-wrap elementor-element-populated\">\n\t\t\t\t\t\t<div class=\"elementor-element elementor-element-10ce79c3 elementor-widget elementor-widget-heading\" data-id=\"10ce79c3\" data-element_type=\"widget\" data-widget_type=\"heading.default\">\n\t\t\t\t<div class=\"elementor-widget-container\">\n\t\t\t\t\t<h1 class=\"elementor-heading-title elementor-size-default\">Dzie\u0144 pierwszy 02.08 (sobota)\n<\/h1>\t\t\t\t<\/div>\n\t\t\t\t<\/div>\n\t\t\t\t<div class=\"elementor-element elementor-element-36e84ca elementor-widget elementor-widget-text-editor\" data-id=\"36e84ca\" data-element_type=\"widget\" data-widget_type=\"text-editor.default\">\n\t\t\t\t<div class=\"elementor-widget-container\">\n\t\t\t\t\t\t\t\t\t<p>Zbi\u00f3rka o godz. 8:30 przy Centrum Handlowym Kapelanka, o 9:00 wyjazd w kierunku Stronia \u015al\u0105skiego. Ok. 14:00 zakwaterowanie (pokoje 3, 4 osobowe) w o\u015brodku \u201eG\u00f3rski Poranek\u201d G\u00f3rski Poranek \u2013 noclegi Stronie \u015al\u0105skie (gorskiporanek.pl), rozpakowanie baga\u017cy, czas wolny. O godz. 15:00 obiad, czas wolny. Zapoznanie si\u0119 z programem i regulaminem obozu. 16:00-18:00 zaj\u0119cia j\u0119zykowe w grupach na \u015bwie\u017cym powietrzu. Godz. 18:00 kolacja. Godz. 19:30 ognisko z pieczeniem kie\u0142basek i pianek, wieczorek zapoznawczy. Godz. 22:00 cisza nocna.<\/p>\t\t\t\t\t\t\t\t<\/div>\n\t\t\t\t<\/div>\n\t\t\t\t<div class=\"elementor-element elementor-element-a95e006 elementor-widget elementor-widget-heading\" data-id=\"a95e006\" data-element_type=\"widget\" data-widget_type=\"heading.default\">\n\t\t\t\t<div class=\"elementor-widget-container\">\n\t\t\t\t\t<h1 class=\"elementor-heading-title elementor-size-default\">Dzie\u0144 drugi 03.08 (niedziela)<\/h1>\t\t\t\t<\/div>\n\t\t\t\t<\/div>\n\t\t\t\t<div class=\"elementor-element elementor-element-10b6714 elementor-widget elementor-widget-text-editor\" data-id=\"10b6714\" data-element_type=\"widget\" data-widget_type=\"text-editor.default\">\n\t\t\t\t<div class=\"elementor-widget-container\">\n\t\t\t\t\t\t\t\t\t<p>Godz. 7:30 pobudka, godz. 8:00 \u015bniadanie. Godz. 9:00 wyj\u015bcie na k\u0105pielisko Stara Morawa. Zalew w Starej Morawie. Jedyne na Dolnym \u015al\u0105sku molo z wie\u017c\u0105 widokow\u0105, pla\u017c\u0105 i w\u0119dkowaniem. Per\u0142a Dolnego \u015al\u0105ska w sezonie 2023 | Wa\u0142brzych Nasze Miasto Zaj\u0119cia w j\u0119zyku angielskim i pla\u017cowanie. Dla ch\u0119tnych wyj\u015bcie do ko\u015bcio\u0142a na Msz\u0119 \u015awi\u0119t\u0105. 13:00 powr\u00f3t do o\u015brodka. 13:30 obiad, czas wolny. Godz. 14:30 blok zaj\u0119\u0107 j\u0119zykowych- karaoke po angielsku, konkurs talent\u00f3w\/ mecz pi\u0142ki no\u017cnej\/ konkurs rzut\u00f3w karnych\/ mecz siatk\u00f3wki\/ trampoliny\/ pi\u0142karzyki\/ tenis sto\u0142owy (wg upodobania dzieci)- gry i zabawy na \u015bwie\u017cym powietrzu. Godz. 18:30 kolacja, czas wolny. 19:30 dyskoteka ameryka\u0144skich i brytyjskich przeboj\u00f3w\/pokaz mody\/konkurs talent\u00f3w. Godz. 22:00 cisza nocna.<\/p>\t\t\t\t\t\t\t\t<\/div>\n\t\t\t\t<\/div>\n\t\t\t\t<div class=\"elementor-element elementor-element-fa39b38 elementor-widget elementor-widget-heading\" data-id=\"fa39b38\" data-element_type=\"widget\" data-widget_type=\"heading.default\">\n\t\t\t\t<div class=\"elementor-widget-container\">\n\t\t\t\t\t<h1 class=\"elementor-heading-title elementor-size-default\">Dzie\u0144 trzeci 04.08 (poniedzia\u0142ek)<\/h1>\t\t\t\t<\/div>\n\t\t\t\t<\/div>\n\t\t\t\t<div class=\"elementor-element elementor-element-3444de3 elementor-widget elementor-widget-text-editor\" data-id=\"3444de3\" data-element_type=\"widget\" data-widget_type=\"text-editor.default\">\n\t\t\t\t<div class=\"elementor-widget-container\">\n\t\t\t\t\t\t\t\t\t<p>Pobudka o godz. 7:30, godz. 8:00 \u015bniadanie. Wyj\u015bcie do lasu i na \u0142\u0105ki na podchody (godz. 10:00-12:30). Godz. 13:00 obiad, czas wolny. 14:30- 17:30 zaj\u0119cia j\u0119zykowe w grupach, quizy i konkursy z nagrodami. Godz. 18:00 kolacja, czas wolny. 19:00 wiecz\u00f3r filmowy w j\u0119zyku angielskim z popcornem. Godz. 22:00 cisza nocna.<\/p>\t\t\t\t\t\t\t\t<\/div>\n\t\t\t\t<\/div>\n\t\t\t\t<div class=\"elementor-element elementor-element-727277f elementor-widget elementor-widget-heading\" data-id=\"727277f\" data-element_type=\"widget\" data-widget_type=\"heading.default\">\n\t\t\t\t<div class=\"elementor-widget-container\">\n\t\t\t\t\t<h1 class=\"elementor-heading-title elementor-size-default\">Dzie\u0144 czwarty 05.08 (wtorek)<\/h1>\t\t\t\t<\/div>\n\t\t\t\t<\/div>\n\t\t\t\t<div class=\"elementor-element elementor-element-3233aed elementor-widget elementor-widget-text-editor\" data-id=\"3233aed\" data-element_type=\"widget\" data-widget_type=\"text-editor.default\">\n\t\t\t\t<div class=\"elementor-widget-container\">\n\t\t\t\t\t\t\t\t\t<p>Godz. 7:30 pobudka, godz. 8:00 \u015bniadanie. Godz. 9:00 wyjazd do pe\u0142nej tajemnic kopalni uranu Kletno<b><span class=\"Apple-converted-space\">\u00a0<\/span><\/b> https:\/\/www.kletno.pl\/oferta\/#quest na quest terenowy. W programie rozwi\u0105zywanie zagadek w konwencji gry Minecraft, szukanie skarb\u00f3w, nauka i zabawa na otwartym powietrzu. Nast\u0119pnie poszukiwanie Skarb\u00f3w Sudet\u00f3w- ha\u0142da przy kopalni Uranu (poszukiwanie kryszta\u0142\u00f3w g\u00f3rskich, ametyst\u00f3w, malachit\u00f3w i innych kamieni p\u00f3\u0142szlachentych kt\u00f3re mo\u017cna znale\u017a\u0107 w tym urokliwym miejscu.)<span class=\"Apple-converted-space\">\u00a0 <\/span>Ok. 13:30 powr\u00f3t do o\u015brodka. 13:30 obiad, czas wolny. 14:30 blok zaj\u0119\u0107 j\u0119zykowych- karaoke po angielsku, konkurs talent\u00f3w\/ mecz pi\u0142ki no\u017cnej\/ konkurs rzut\u00f3w karnych\/ mecz siatk\u00f3wki\/ trampoliny\/ pi\u0142karzyki\/ tenis sto\u0142owy- wg upodobania dzieci. Godz. 18:30 kolacja, czas wolny. Godz. 19:30 wieczorne podchody- rozwi\u0105zywanie zagadek i rebus\u00f3w w tematyce legend brytyjskich (niezb\u0119dne b\u0119d\u0105 latarki). Godz. 22:00 cisza nocna.<\/p>\t\t\t\t\t\t\t\t<\/div>\n\t\t\t\t<\/div>\n\t\t\t\t<div class=\"elementor-element elementor-element-9a41878 elementor-widget elementor-widget-heading\" data-id=\"9a41878\" data-element_type=\"widget\" data-widget_type=\"heading.default\">\n\t\t\t\t<div class=\"elementor-widget-container\">\n\t\t\t\t\t<h1 class=\"elementor-heading-title elementor-size-default\">Dzie\u0144 pi\u0105ty 06.08 (\u015broda)\n<\/h1>\t\t\t\t<\/div>\n\t\t\t\t<\/div>\n\t\t\t\t<div class=\"elementor-element elementor-element-6e6d82c elementor-widget elementor-widget-text-editor\" data-id=\"6e6d82c\" data-element_type=\"widget\" data-widget_type=\"text-editor.default\">\n\t\t\t\t<div class=\"elementor-widget-container\">\n\t\t\t\t\t\t\t\t\t<p>Godz. 7:30 pobudka, godz. 8:00 \u015bniadanie. Godz. 9:00 blok zaj\u0119\u0107 j\u0119zykowych- karaoke po angielsku, konkurs talent\u00f3w \/ mecz pi\u0142ki no\u017cnej \/ konkurs rzut\u00f3w karnych \/ mecz siatk\u00f3wki \/ trampoliny \/ pi\u0142karzyki \/ tenis sto\u0142owy (wg upodobania dzieci)- gry i zabawy na \u015bwie\u017cym powietrzu. 13:00 obiad, czas wolny. 14:30 wyj\u015bcie na k\u0105pielisko Stara Morawa. Pla\u017cowanie i zabawy w j\u0119zyku angielskim. Sporty wodne i pla\u017cowe, konkursy z nagrodami. 18:00<span class=\"Apple-converted-space\">\u00a0 <\/span>kolacja, czas wolny. Godz. 19:30 ognisko muzyczne, pieczenie kie\u0142basek, pianki z czekolad\u0105 z grilla powiadanie legend i \u015bpiewanie piosenek brytyjskich, ameryka\u0144skich. Godz. 22:00 cisza nocna.<\/p>\t\t\t\t\t\t\t\t<\/div>\n\t\t\t\t<\/div>\n\t\t\t\t<div class=\"elementor-element elementor-element-647a948 elementor-widget elementor-widget-heading\" data-id=\"647a948\" data-element_type=\"widget\" data-widget_type=\"heading.default\">\n\t\t\t\t<div class=\"elementor-widget-container\">\n\t\t\t\t\t<h1 class=\"elementor-heading-title elementor-size-default\">Dzie\u0144 sz\u00f3sty 07.08 (czwartek)\n<\/h1>\t\t\t\t<\/div>\n\t\t\t\t<\/div>\n\t\t\t\t<div class=\"elementor-element elementor-element-7c166d6 elementor-widget elementor-widget-text-editor\" data-id=\"7c166d6\" data-element_type=\"widget\" data-widget_type=\"text-editor.default\">\n\t\t\t\t<div class=\"elementor-widget-container\">\n\t\t\t\t\t\t\t\t\t<p>Godz. 7:30 pobudka, godz. 8:00 \u015bniadanie. Godz. 9:00 blok zaj\u0119\u0107 j\u0119zykowych- karaoke po angielsku, konkurs talent\u00f3w \/ mecz pi\u0142ki no\u017cnej \/ konkurs rzut\u00f3w karnych \/ mecz siatk\u00f3wki \/ trampoliny \/ pi\u0142karzyki \/ tenis sto\u0142owy (wg upodobania dzieci)- gry i zabawy na \u015bwie\u017cym powietrzu. 13:00 obiad, czas wolny. Godz. 14:00- wyjazd do L\u0105dka Zdr\u00f3j: Park Zdrojowy, Wie\u017c\u0105 Widokowa w Trojaku https:\/\/atrakcjeturystyczne.eu\/atrakcje\/wieze-widokowe\/punkt-widokowy-na-trojaku. Szukanie sudeckich skarb\u00f3w, wyj\u015bcie z na prze\u0142\u0119cz Lutynia- punkt widokowy- konkurs na namalowanie najlepszego pejza\u017cu z Panoram\u0105 Sudet\u00f3w (konkurs na \u015bwie\u017cym powietrzu. Godz. 18:30 kolacja, czas wolny. 19:30<span class=\"Apple-converted-space\">\u00a0 <\/span>Konkurs talent\u00f3w, talent show<span class=\"Apple-converted-space\">\u00a0 <\/span>\u201e I Have Got Talent\u201d. Godz. 22:00 cisza nocna.<\/p>\t\t\t\t\t\t\t\t<\/div>\n\t\t\t\t<\/div>\n\t\t\t\t<div class=\"elementor-element elementor-element-3ce1580 elementor-widget elementor-widget-heading\" data-id=\"3ce1580\" data-element_type=\"widget\" data-widget_type=\"heading.default\">\n\t\t\t\t<div class=\"elementor-widget-container\">\n\t\t\t\t\t<h1 class=\"elementor-heading-title elementor-size-default\">Dzie\u0144 si\u00f3dmy 08.08 (pi\u0105tek)\n<\/h1>\t\t\t\t<\/div>\n\t\t\t\t<\/div>\n\t\t\t\t<div class=\"elementor-element elementor-element-822e550 elementor-widget elementor-widget-text-editor\" data-id=\"822e550\" data-element_type=\"widget\" data-widget_type=\"text-editor.default\">\n\t\t\t\t<div class=\"elementor-widget-container\">\n\t\t\t\t\t\t\t\t\t<p>Godz. 7:00 pobudka, godz. 7:30 \u015bniadanie. Przejazd<span class=\"Apple-converted-space\">\u00a0 <\/span>do<span class=\"Apple-converted-space\">\u00a0 <\/span>Parku Narodowego G\u00f3r Sto\u0142owych (https:\/\/pngs.gov.pl\/) (przejazd ok 60- 70minut), wyj\u015bcie na Szczeliniec Wielki- najbardziej imponuj\u0105cych szczyt G\u00f3r Sto\u0142owych\u2013 spacer po parku. Godzina 13:00 przejazd powrotny.<span class=\"Apple-converted-space\">\u00a0 <\/span>Godz. 14:30 obiad, czas wolny. Godz. 15:30 blok zaj\u0119\u0107 j\u0119zykowych- karaoke po angielsku, konkurs talent\u00f3w \/ mecz pi\u0142ki no\u017cnej \/ konkurs rzut\u00f3w karnych \/ mecz siatk\u00f3wki \/ trampoliny \/ pi\u0142karzyki \/ tenis sto\u0142owy (wg upodobania dzieci)- gry i zabawy na \u015bwie\u017cym powietrzu. 18:30 kolacja, czas wolny. 19:30 dyskoteka ameryka\u0144skich i brytyjskich przeboj\u00f3w \/ pokaz mody \/ konkurs talent\u00f3w. Godz. 22:00 cisza nocna.<\/p>\t\t\t\t\t\t\t\t<\/div>\n\t\t\t\t<\/div>\n\t\t\t\t<div class=\"elementor-element elementor-element-3012ed8 elementor-widget elementor-widget-heading\" data-id=\"3012ed8\" data-element_type=\"widget\" data-widget_type=\"heading.default\">\n\t\t\t\t<div class=\"elementor-widget-container\">\n\t\t\t\t\t<h1 class=\"elementor-heading-title elementor-size-default\">Dzie\u0144 \u00f3smy 09.08 (sobota)\n<\/h1>\t\t\t\t<\/div>\n\t\t\t\t<\/div>\n\t\t\t\t<div class=\"elementor-element elementor-element-968e14f elementor-widget elementor-widget-text-editor\" data-id=\"968e14f\" data-element_type=\"widget\" data-widget_type=\"text-editor.default\">\n\t\t\t\t<div class=\"elementor-widget-container\">\n\t\t\t\t\t\t\t\t\t<p>Godz. 7:30 pobudka, godz. 8:00 \u015bniadanie. Godz. 9:00 quest terenowy &#8211; Wielka Gra na terenie o\u015brodka z udzia\u0142em wychowawc\u00f3w oraz ich przydzielonych im grup<span class=\"Apple-converted-space\">\u00a0 <\/span>13:00 obiad, czas wolny. 14:30 wyj\u015bcie na k\u0105pielisko Stara Morawa. Zaj\u0119cia w j\u0119zyku angielskim i pla\u017cowanie. 18:00 kolacja, czas wolny. 19:30 podsumowanie obozu, konkurs z wiedzy zdobytej w czasie obozu z atrakcyjnymi nagrodami (do wygrania m.in. darmowy semestr nauki j. angielskiego w naszej szkole i inne\ud83d\ude0a). 22:00 cisza nocna.<span class=\"Apple-converted-space\">\u00a0<\/span><\/p>\t\t\t\t\t\t\t\t<\/div>\n\t\t\t\t<\/div>\n\t\t\t\t<div class=\"elementor-element elementor-element-78f5873 elementor-widget elementor-widget-heading\" data-id=\"78f5873\" data-element_type=\"widget\" data-widget_type=\"heading.default\">\n\t\t\t\t<div class=\"elementor-widget-container\">\n\t\t\t\t\t<h1 class=\"elementor-heading-title elementor-size-default\">Dzie\u0144 dziewi\u0105ty 10.08 (niedziela)\n<\/h1>\t\t\t\t<\/div>\n\t\t\t\t<\/div>\n\t\t\t\t<div class=\"elementor-element elementor-element-7d1f83c elementor-widget elementor-widget-text-editor\" data-id=\"7d1f83c\" data-element_type=\"widget\" data-widget_type=\"text-editor.default\">\n\t\t\t\t<div class=\"elementor-widget-container\">\n\t\t\t\t\t\t\t\t\t<p>Godz. 7:30 pobudka, godz. 8:00 \u015bniadanie. Godz. 9:00 &#8211; 10:00 Pakowanie baga\u017cy. Godzina 10:30 rozstrzygniecie konkurs\u00f3w. Godz. 11:00 &#8211; wyjazd w stron\u0119 Krakowa.<span class=\"Apple-converted-space\">\u00a0 <\/span>Powr\u00f3t ok. godz. 15:00 (parking przy Centrum Handlowym Kapelanka).<\/p>\t\t\t\t\t\t\t\t<\/div>\n\t\t\t\t<\/div>\n\t\t\t\t\t<\/div>\n\t\t<\/div>\n\t\t\t\t\t<\/div>\n\t\t<\/section>\n\t\t\t\t<section class=\"elementor-section elementor-top-section elementor-element elementor-element-13ac0295 elementor-section-boxed elementor-section-height-default elementor-section-height-default\" data-id=\"13ac0295\" data-element_type=\"section\" data-settings=\"{&quot;background_background&quot;:&quot;classic&quot;}\">\n\t\t\t\t\t\t<div class=\"elementor-container elementor-column-gap-default\">\n\t\t\t\t\t<div class=\"elementor-column elementor-col-100 elementor-top-column elementor-element elementor-element-5fe1c8c8\" data-id=\"5fe1c8c8\" data-element_type=\"column\">\n\t\t\t<div class=\"elementor-widget-wrap elementor-element-populated\">\n\t\t\t\t\t\t<div class=\"elementor-element elementor-element-3c69ba4a elementor-testimonial--layout-image_above elementor-testimonial--skin-default elementor-testimonial--align-center elementor-pagination-type-bullets elementor-widget elementor-widget-testimonial-carousel\" data-id=\"3c69ba4a\" data-element_type=\"widget\" data-settings=\"{&quot;slides_per_view&quot;:&quot;1&quot;,&quot;slides_to_scroll&quot;:&quot;1&quot;,&quot;pagination&quot;:&quot;bullets&quot;,&quot;speed&quot;:500,&quot;autoplay&quot;:&quot;yes&quot;,&quot;autoplay_speed&quot;:5000,&quot;loop&quot;:&quot;yes&quot;,&quot;pause_on_hover&quot;:&quot;yes&quot;,&quot;pause_on_interaction&quot;:&quot;yes&quot;,&quot;space_between&quot;:{&quot;unit&quot;:&quot;px&quot;,&quot;size&quot;:10,&quot;sizes&quot;:[]},&quot;space_between_tablet&quot;:{&quot;unit&quot;:&quot;px&quot;,&quot;size&quot;:10,&quot;sizes&quot;:[]},&quot;space_between_mobile&quot;:{&quot;unit&quot;:&quot;px&quot;,&quot;size&quot;:10,&quot;sizes&quot;:[]}}\" data-widget_type=\"testimonial-carousel.default\">\n\t\t\t\t<div class=\"elementor-widget-container\">\n\t\t\t\t\t\t\t\t\t<div class=\"elementor-swiper\">\n\t\t\t\t\t<div class=\"elementor-main-swiper swiper\" role=\"region\" aria-roledescription=\"carousel\" aria-label=\"Slajdy\">\n\t\t\t\t<div class=\"swiper-wrapper\">\n\t\t\t\t\t\t\t\t\t\t\t<div class=\"swiper-slide\" role=\"group\" aria-roledescription=\"slide\">\n\t\t\t\t\t\t\t\t\t<div class=\"elementor-testimonial\">\n\t\t\t\t\t\t\t<div class=\"elementor-testimonial__content\">\n\t\t\t\t\t<div class=\"elementor-testimonial__text\">\n\t\t\t\t\t\t<b>SYTUACJA PO POWODZI:\n\n<\/b><br><br>Obiekt G\u00f3rski Poranek nie zosta\u0142 w \u017caden spos\u00f3b uszkodzony w trakcie powodzi jesieni\u0105 2024 roku. Bezproblemowy dojazd do obiektu dost\u0119pny jest z dw\u00f3ch stron. Obiekt jest po\u0142o\u017cony ponad terenami zalewowymi rzeki Morawka i nigdy nie zosta\u0142 zalany. W\u0142a\u015bciciele obiektu, jak i mieszka\u0144cy Stronia \u015al\u0105skiego, licz\u0105 na jak najszybszy powr\u00f3t turyst\u00f3w, co pozwoli im na powr\u00f3t do normalno\u015bci.\t\t\t\t\t<\/div>\n\t\t\t\t\t\t\t\t\t<\/div>\n\t\t\t\t\t\t<div class=\"elementor-testimonial__footer\">\n\t\t\t\t\t\t\t\t\t\t\t<\/div>\n\t\t<\/div>\n\t\t\t\t\t\t\t\t<\/div>\n\t\t\t\t\t\t\t\t\t<\/div>\n\t\t\t\t\t\t\t<\/div>\n\t\t\t\t<\/div>\n\t\t\t\t\t\t\t\t<\/div>\n\t\t\t\t<\/div>\n\t\t\t\t<div class=\"elementor-element elementor-element-3bbb6273 elementor-widget__width-auto elementor-absolute elementor-hidden-mobile elementor-view-default elementor-widget elementor-widget-icon\" data-id=\"3bbb6273\" data-element_type=\"widget\" data-settings=\"{&quot;_position&quot;:&quot;absolute&quot;}\" data-widget_type=\"icon.default\">\n\t\t\t\t<div class=\"elementor-widget-container\">\n\t\t\t\t\t\t\t<div class=\"elementor-icon-wrapper\">\n\t\t\t<div class=\"elementor-icon\">\n\t\t\t<svg aria-hidden=\"true\" class=\"e-font-icon-svg e-fas-circle\" viewBox=\"0 0 512 512\" xmlns=\"http:\/\/www.w3.org\/2000\/svg\"><path d=\"M256 8C119 8 8 119 8 256s111 248 248 248 248-111 248-248S393 8 256 8z\"><\/path><\/svg>\t\t\t<\/div>\n\t\t<\/div>\n\t\t\t\t\t\t<\/div>\n\t\t\t\t<\/div>\n\t\t\t\t\t<\/div>\n\t\t<\/div>\n\t\t\t\t\t<\/div>\n\t\t<\/section>\n\t\t\t\t<\/div>\n\t\t","protected":false},"excerpt":{"rendered":"<p>Prze\u017cyj Niezapomnian\u0105 Przygod\u0119 z J\u0119zykiem Angielskim! Ob\u00f3z J\u0119zykowy \u2013 Stronie \u015al\u0105skie 02.08-10.08.2025 Zapraszamy wszystkie dzieci i m\u0142odzie\u017c do wzi\u0119cia udzia\u0142u w naszym wyj\u0105tkowym obozie j\u0119zykowym w malowniczym Stroniu \u015al\u0105skim! To doskona\u0142a okazja, aby po\u0142\u0105czy\u0107 nauk\u0119 j\u0119zyka angielskiego z fascynuj\u0105cymi przygodami na \u015bwie\u017cym powietrzu. Nasz ob\u00f3z to intensywny program edukacyjny, kt\u00f3ry pozwala uczestnikom nie tylko doskonali\u0107 [&hellip;]<\/p>\n","protected":false},"author":1,"featured_media":0,"parent":0,"menu_order":0,"comment_status":"closed","ping_status":"closed","template":"","meta":{"footnotes":""},"class_list":["post-1094","page","type-page","status-publish","hentry"],"_links":{"self":[{"href":"https:\/\/sorys.uwb.pl\/index.php\/wp-json\/wp\/v2\/pages\/1094","targetHints":{"allow":["GET"]}}],"collection":[{"href":"https:\/\/sorys.uwb.pl\/index.php\/wp-json\/wp\/v2\/pages"}],"about":[{"href":"https:\/\/sorys.uwb.pl\/index.php\/wp-json\/wp\/v2\/types\/page"}],"author":[{"embeddable":true,"href":"https:\/\/sorys.uwb.pl\/index.php\/wp-json\/wp\/v2\/users\/1"}],"replies":[{"embeddable":true,"href":"https:\/\/sorys.uwb.pl\/index.php\/wp-json\/wp\/v2\/comments?post=1094"}],"version-history":[{"count":31,"href":"https:\/\/sorys.uwb.pl\/index.php\/wp-json\/wp\/v2\/pages\/1094\/revisions"}],"predecessor-version":[{"id":1131,"href":"https:\/\/sorys.uwb.pl\/index.php\/wp-json\/wp\/v2\/pages\/1094\/revisions\/1131"}],"wp:attachment":[{"href":"https:\/\/sorys.uwb.pl\/index.php\/wp-json\/wp\/v2\/media?parent=1094"}],"curies":[{"name":"wp","href":"https:\/\/api.w.org\/{rel}","templated":true}]}}